{"id":616,"date":"2025-01-26T13:58:12","date_gmt":"2025-01-26T13:58:12","guid":{"rendered":"https:\/\/wp.dreamitworld.com\/artek\/?page_id=616"},"modified":"2025-04-03T13:20:13","modified_gmt":"2025-04-03T10:20:13","slug":"contact","status":"publish","type":"page","link":"https:\/\/firstweb.ro\/en\/contact\/","title":{"rendered":"Contact"},"content":{"rendered":"<div data-elementor-type=\"wp-page\" data-elementor-id=\"616\" class=\"elementor elementor-616\" data-elementor-post-type=\"page\">\n\t\t\t\t\t\t<section class=\"elementor-section elementor-top-section elementor-element elementor-element-8f1a71e elementor-section-boxed elementor-section-height-default elementor-section-height-default\" data-id=\"8f1a71e\" data-element_type=\"section\" data-settings=\"{&quot;background_background&quot;:&quot;classic&quot;}\">\n\t\t\t\t\t\t<div class=\"elementor-container elementor-column-gap-default\">\n\t\t\t\t\t<div class=\"elementor-column elementor-col-100 elementor-top-column elementor-element elementor-element-0c68fb0\" data-id=\"0c68fb0\" data-element_type=\"column\">\n\t\t\t<div class=\"elementor-widget-wrap elementor-element-populated\">\n\t\t\t\t\t\t<section class=\"elementor-section elementor-inner-section elementor-element elementor-element-f99d497 elementor-section-boxed elementor-section-height-default elementor-section-height-default\" data-id=\"f99d497\" data-element_type=\"section\">\n\t\t\t\t\t\t<div class=\"elementor-container elementor-column-gap-default\">\n\t\t\t\t\t<div class=\"elementor-column elementor-col-100 elementor-inner-column elementor-element elementor-element-5d4fe69\" data-id=\"5d4fe69\" data-element_type=\"column\">\n\t\t\t<div class=\"elementor-widget-wrap elementor-element-populated\">\n\t\t\t\t\n\n\t\t<div class=\"elementor-element elementor-element-5be4cec elementor-widget elementor-widget-section-title\" data-id=\"5be4cec\" data-element_type=\"widget\" data-widget_type=\"section-title.default\">\n\t\t\t\t<div class=\"elementor-widget-container\">\n\t\t\t\r\n\t\t\r\n\t\t\t<div class=\"section-title style1\">\r\n\t\t\t\t \r\n\t\t\t\t\t<h5 class=\"subtitle\">Let&#039;s get to know each other.<\/h5>\r\n\t\t\t\t\t\t\t\t\r\n\t\t\t\t \r\n\t\t\t\t\t<h3 class=\"title\">Would you like to chat? Contact us.<\/h3>\r\n\t\t\t\t\t\t\t\t\r\n\t\t\t\t\t\t\t<\/div>\r\n\r\n\t\t\r\n\t\t\t\t<\/div>\n\t\t\t\t<\/div>\n\t\t\t\t<div class=\"elementor-element elementor-element-5bb1ab7 elementor-widget elementor-widget-wpforms\" data-id=\"5bb1ab7\" data-element_type=\"widget\" data-widget_type=\"wpforms.default\">\n\t\t\t\t<div class=\"elementor-widget-container\">\n\t\t\t<style id=\"wpforms-css-vars-elementor-widget-5bb1ab7\">\n\t\t\t\t.elementor-widget-wpforms.elementor-element-5bb1ab7 {\n\t\t\t\t--wpforms-field-size-input-height: 43px;\n--wpforms-field-size-input-spacing: 15px;\n--wpforms-field-size-font-size: 16px;\n--wpforms-field-size-line-height: 19px;\n--wpforms-field-size-padding-h: 14px;\n--wpforms-field-size-checkbox-size: 16px;\n--wpforms-field-size-sublabel-spacing: 5px;\n--wpforms-field-size-icon-size: 1;\n--wpforms-label-size-font-size: 16px;\n--wpforms-label-size-line-height: 19px;\n--wpforms-label-size-sublabel-font-size: 14px;\n--wpforms-label-size-sublabel-line-height: 17px;\n--wpforms-button-size-font-size: 17px;\n--wpforms-button-size-height: 41px;\n--wpforms-button-size-padding-h: 15px;\n--wpforms-button-size-margin-top: 10px;\n\n\t\t\t}\n\t\t\t<\/style><div class=\"wpforms-container wpforms-container-full wpforms-render-modern\" id=\"wpforms-1146\"><form id=\"wpforms-form-1146\" class=\"wpforms-validate wpforms-form wpforms-ajax-form\" data-formid=\"1146\" method=\"post\" enctype=\"multipart\/form-data\" action=\"\/en\/wp-json\/wp\/v2\/pages\/616\" data-token=\"242f8d9b8e8959274c3512ed7a58770c\" data-token-time=\"1776963691\" data-trp-original-action=\"\/en\/wp-json\/wp\/v2\/pages\/616\"><noscript class=\"wpforms-error-noscript\">Please enable JavaScript in your browser to complete this form.<\/noscript><div class=\"wpforms-hidden\" id=\"wpforms-error-noscript\">Please enable JavaScript in your browser to complete this form.<\/div><div class=\"wpforms-field-container\"><div id=\"wpforms-1146-field_1-container\" class=\"wpforms-field wpforms-field-name form-name\" data-field-id=\"1\"><label class=\"wpforms-field-label\" for=\"wpforms-1146-field_1\">Name <span class=\"wpforms-required-label\" aria-hidden=\"true\">*<\/span><\/label><input type=\"text\" id=\"wpforms-1146-field_1\" class=\"wpforms-field-medium wpforms-field-required\" name=\"wpforms[fields][1]\" aria-errormessage=\"wpforms-1146-field_1-error\" required><\/div><div id=\"wpforms-1146-field_4-container\" class=\"wpforms-field wpforms-field-text form-name\" data-field-id=\"4\"><label class=\"wpforms-field-label\" for=\"wpforms-1146-field_4\">Field of activity<\/label><input type=\"text\" id=\"wpforms-1146-field_4\" class=\"wpforms-field-medium\" name=\"wpforms[fields][4]\" aria-errormessage=\"wpforms-1146-field_4-error\" ><\/div><div id=\"wpforms-1146-field_5-container\" class=\"wpforms-field wpforms-field-number form-name\" data-field-id=\"5\"><label class=\"wpforms-field-label\" for=\"wpforms-1146-field_5\">Phone <span class=\"wpforms-required-label\" aria-hidden=\"true\">*<\/span><\/label><input type=\"number\" id=\"wpforms-1146-field_5\" class=\"wpforms-field-medium wpforms-field-required\" name=\"wpforms[fields][5]\" step=\"any\" aria-errormessage=\"wpforms-1146-field_5-error\" required><\/div><div id=\"wpforms-1146-field_2-container\" class=\"wpforms-field wpforms-field-email form-name\" data-field-id=\"2\"><label class=\"wpforms-field-label\" for=\"wpforms-1146-field_2\">Email address <span class=\"wpforms-required-label\" aria-hidden=\"true\">*<\/span><\/label><input type=\"email\" id=\"wpforms-1146-field_2\" class=\"wpforms-field-medium wpforms-field-required\" name=\"wpforms[fields][2]\" spellcheck=\"false\" aria-errormessage=\"wpforms-1146-field_2-error\" required><\/div><div id=\"wpforms-1146-field_6-container\" class=\"wpforms-field wpforms-field-select form-name wpforms-field-select-style-modern\" data-field-id=\"6\"><label class=\"wpforms-field-label\" for=\"wpforms-1146-field_6\">Desired service <span class=\"wpforms-required-label\" aria-hidden=\"true\">*<\/span><\/label><select id=\"wpforms-1146-field_6\" class=\"wpforms-field-medium wpforms-field-required choicesjs-select\" data-size-class=\"wpforms-field-row wpforms-field-medium\" data-search-enabled=\"1\" name=\"wpforms[fields][6]\" required=\"required\"><option value=\"\" class=\"placeholder\" disabled selected='selected'><\/option><option value=\"Dezvoltare Web\" >Web Development<\/option><option value=\"Design Publicitar &amp; Web\" >Advertising &amp; Web Design<\/option><option value=\"Redesign site web\" >Website redesign<\/option><option value=\"Seo &amp; Marketing\" >SEO &amp; Marketing<\/option><option value=\"Printare materiale publicitare\" >Printing advertising materials<\/option><option value=\"Printare 3D\" >3D printing<\/option><option value=\"Gravura &amp; debitare laser\" >Laser engraving &amp; cutting<\/option><option value=\"Devino colaborator\" >Become a collaborator<\/option><\/select><\/div><div id=\"wpforms-1146-field_8-container\" class=\"wpforms-field wpforms-field-checkbox form-name\" data-field-id=\"8\"><fieldset><legend class=\"wpforms-field-label\">privacy policy <span class=\"wpforms-required-label\" aria-hidden=\"true\">*<\/span><\/legend><ul id=\"wpforms-1146-field_8\" class=\"wpforms-field-required\"><li class=\"choice-1 depth-1\"><input type=\"checkbox\" id=\"wpforms-1146-field_8_1\" name=\"wpforms[fields][8][]\" value=\"Sunt de acord cu politica de confiden\u021bialitate\" aria-errormessage=\"wpforms-1146-field_8_1-error\" aria-describedby=\"wpforms-1146-field_8-description\" required><label class=\"wpforms-field-label-inline\" for=\"wpforms-1146-field_8_1\">I agree to the privacy policy<\/label><\/li><\/ul><div id=\"wpforms-1146-field_8-description\" class=\"wpforms-field-description\"><a href=\"https:\/\/firstweb.ro\/en\/politica-de-confidentialitate\/\"> Here you can find our policy <\/a>, please read before accepting it, thank you!<\/div><\/fieldset><\/div><\/div><!-- .wpforms-field-container --><div class=\"wpforms-submit-container\" ><input type=\"hidden\" name=\"wpforms[id]\" value=\"1146\"><input type=\"hidden\" name=\"page_title\" value=\"\"><input type=\"hidden\" name=\"page_url\" value=\"https:\/\/firstweb.ro\/en\/wp-json\/wp\/v2\/pages\/616\"><input type=\"hidden\" name=\"url_referer\" value=\"\"><button type=\"submit\" name=\"wpforms[submit]\" id=\"wpforms-submit-1146\" class=\"wpforms-submit\" data-alt-text=\"Trimitere...\" data-submit-text=\"Trimite\" aria-live=\"assertive\" value=\"wpforms-submit\">Send<\/button><img decoding=\"async\" src=\"https:\/\/firstweb.ro\/wp-content\/plugins\/wpforms-lite\/assets\/images\/submit-spin.svg\" class=\"wpforms-submit-spinner\" style=\"display: none;\" width=\"26\" height=\"26\" alt=\"Loading\"><\/div><input type=\"hidden\" name=\"trp-form-language\" value=\"en\"\/><\/form><\/div>  <!-- .wpforms-container -->\t\t<\/div>\n\t\t\t\t<\/div>\n\t\t\t\t\t<\/div>\n\t\t<\/div>\n\t\t\t\t\t<\/div>\n\t\t<\/section>\n\t\t\t\t\t<\/div>\n\t\t<\/div>\n\t\t\t\t\t<\/div>\n\t\t<\/section>\n\t\t\t\t<section class=\"elementor-section elementor-top-section elementor-element elementor-element-a9695d7 elementor-section-full_width elementor-section-height-default elementor-section-height-default\" data-id=\"a9695d7\" data-element_type=\"section\">\n\t\t\t\t\t\t<div class=\"elementor-container elementor-column-gap-no\">\n\t\t\t\t\t<div class=\"elementor-column elementor-col-100 elementor-top-column elementor-element elementor-element-4d4f19d\" data-id=\"4d4f19d\" data-element_type=\"column\">\n\t\t\t<div class=\"elementor-widget-wrap elementor-element-populated\">\n\t\t\t\t\t\t<div class=\"elementor-element elementor-element-3ab60fa elementor-widget elementor-widget-google_maps\" data-id=\"3ab60fa\" data-element_type=\"widget\" data-widget_type=\"google_maps.default\">\n\t\t\t\t<div class=\"elementor-widget-container\">\n\t\t\t\t\t<div class=\"elementor-custom-embed\">\n\t\t\t<iframe loading=\"lazy\"\n\t\t\t\t\tsrc=\"https:\/\/maps.google.com\/maps?q=FirstWeb%20Agency&#038;t=m&#038;z=13&#038;output=embed&#038;iwloc=near\"\n\t\t\t\t\ttitle=\"FirstWeb Agency\"\n\t\t\t\t\taria-label=\"FirstWeb Agency\"\n\t\t\t><\/iframe>\n\t\t<\/div>\n\t\t\t\t<\/div>\n\t\t\t\t<\/div>\n\t\t\t\t\t<\/div>\n\t\t<\/div>\n\t\t\t\t\t<\/div>\n\t\t<\/section>\n\t\t\t\t<\/div>","protected":false},"excerpt":{"rendered":"<p>Let&#039;s get to know each other Would you like to chat? Contact us. Please enable JavaScript in your browser to complete this form.Please enable JavaScript in your browser to complete this form.Name *Business areaPhone *Email address *Desired service *Web developmentWeb developmentAdvertising &amp; Web designWebsite redesignSEO &amp; MarketingAdvertising material printing3D printingLaser engraving &amp; cutting Privacy policy * [\u2026]<\/p>","protected":false},"author":1,"featured_media":0,"parent":0,"menu_order":0,"comment_status":"closed","ping_status":"closed","template":"page-templates\/template-default.php","meta":{"footnotes":""},"class_list":["post-616","page","type-page","status-publish","hentry"],"yoast_head":"<!-- This site is optimized with the Yoast SEO Premium plugin v22.3 (Yoast SEO v25.2) - https:\/\/yoast.com\/wordpress\/plugins\/seo\/ -->\n<title>Contact - First Web Agency<\/title>\n<meta name=\"robots\" content=\"index, follow, max-snippet:-1, max-image-preview:large, max-video-preview:-1\" \/>\n<link rel=\"canonical\" href=\"https:\/\/firstweb.ro\/en\/contact\/\" \/>\n<meta property=\"og:locale\" content=\"en_US\" \/>\n<meta property=\"og:type\" content=\"article\" \/>\n<meta property=\"og:title\" content=\"Contact\" \/>\n<meta property=\"og:description\" content=\"Hai s\u0103 ne cunoa\u0219tem \u021ai-ar pl\u0103cea s\u0103 discut\u0103m? Contacteaz\u0103-ne. Please enable JavaScript in your browser to complete this form.Please enable JavaScript in your browser to complete this form.Nume *Domeniu de activitateTelefon *Adres\u0103 email *Servicu dorit *Dezvoltare WebDezvoltare WebDesign Publicitar &amp; WebRedesign site webSeo &amp; MarketingPrintare materiale publicitarePrintare 3DGravura &amp; debitare laser Politica de confiden\u021bialitate * [&hellip;]\" \/>\n<meta property=\"og:url\" content=\"https:\/\/firstweb.ro\/en\/contact\/\" \/>\n<meta property=\"og:site_name\" content=\"First Web Agency\" \/>\n<meta property=\"article:publisher\" content=\"https:\/\/www.facebook.com\/firstwebagency\" \/>\n<meta property=\"article:modified_time\" content=\"2025-04-03T10:20:13+00:00\" \/>\n<meta property=\"og:image\" content=\"https:\/\/firstweb.ro\/wp-content\/plugins\/wpforms-lite\/assets\/images\/submit-spin.svg\" \/>\n<meta name=\"twitter:card\" content=\"summary_large_image\" \/>\n<script type=\"application\/ld+json\" class=\"yoast-schema-graph\">{\"@context\":\"https:\/\/schema.org\",\"@graph\":[{\"@type\":\"WebPage\",\"@id\":\"https:\/\/firstweb.ro\/contact\/\",\"url\":\"https:\/\/firstweb.ro\/contact\/\",\"name\":\"Contact - First Web Agency\",\"isPartOf\":{\"@id\":\"https:\/\/firstweb.ro\/#website\"},\"primaryImageOfPage\":{\"@id\":\"https:\/\/firstweb.ro\/contact\/#primaryimage\"},\"image\":{\"@id\":\"https:\/\/firstweb.ro\/contact\/#primaryimage\"},\"thumbnailUrl\":\"https:\/\/firstweb.ro\/wp-content\/plugins\/wpforms-lite\/assets\/images\/submit-spin.svg\",\"datePublished\":\"2025-01-26T13:58:12+00:00\",\"dateModified\":\"2025-04-03T10:20:13+00:00\",\"breadcrumb\":{\"@id\":\"https:\/\/firstweb.ro\/contact\/#breadcrumb\"},\"inLanguage\":\"en-US\",\"potentialAction\":[{\"@type\":\"ReadAction\",\"target\":[\"https:\/\/firstweb.ro\/contact\/\"]}]},{\"@type\":\"ImageObject\",\"inLanguage\":\"en-US\",\"@id\":\"https:\/\/firstweb.ro\/contact\/#primaryimage\",\"url\":\"https:\/\/firstweb.ro\/wp-content\/plugins\/wpforms-lite\/assets\/images\/submit-spin.svg\",\"contentUrl\":\"https:\/\/firstweb.ro\/wp-content\/plugins\/wpforms-lite\/assets\/images\/submit-spin.svg\"},{\"@type\":\"BreadcrumbList\",\"@id\":\"https:\/\/firstweb.ro\/contact\/#breadcrumb\",\"itemListElement\":[{\"@type\":\"ListItem\",\"position\":1,\"name\":\"Home\",\"item\":\"https:\/\/firstweb.ro\/\"},{\"@type\":\"ListItem\",\"position\":2,\"name\":\"Contact\"}]},{\"@type\":\"WebSite\",\"@id\":\"https:\/\/firstweb.ro\/#website\",\"url\":\"https:\/\/firstweb.ro\/\",\"name\":\"First Web Agency\",\"description\":\"Agen\u021bie specializat\u0103 \u00een design &amp; dezvoltare\",\"publisher\":{\"@id\":\"https:\/\/firstweb.ro\/#organization\"},\"potentialAction\":[{\"@type\":\"SearchAction\",\"target\":{\"@type\":\"EntryPoint\",\"urlTemplate\":\"https:\/\/firstweb.ro\/?s={search_term_string}\"},\"query-input\":{\"@type\":\"PropertyValueSpecification\",\"valueRequired\":true,\"valueName\":\"search_term_string\"}}],\"inLanguage\":\"en-US\"},{\"@type\":\"Organization\",\"@id\":\"https:\/\/firstweb.ro\/#organization\",\"name\":\"First Web Agency\",\"url\":\"https:\/\/firstweb.ro\/\",\"logo\":{\"@type\":\"ImageObject\",\"inLanguage\":\"en-US\",\"@id\":\"https:\/\/firstweb.ro\/#\/schema\/logo\/image\/\",\"url\":\"https:\/\/firstweb.ro\/wp-content\/uploads\/2025\/04\/firstweb-logo-black.webp\",\"contentUrl\":\"https:\/\/firstweb.ro\/wp-content\/uploads\/2025\/04\/firstweb-logo-black.webp\",\"width\":500,\"height\":150,\"caption\":\"First Web Agency\"},\"image\":{\"@id\":\"https:\/\/firstweb.ro\/#\/schema\/logo\/image\/\"},\"sameAs\":[\"https:\/\/www.facebook.com\/firstwebagency\",\"https:\/\/www.instagram.com\/first.webagency\/\"]}]}<\/script>\n<!-- \/ Yoast SEO Premium plugin. -->","yoast_head_json":{"title":"Contact - First Web Agency","robots":{"index":"index","follow":"follow","max-snippet":"max-snippet:-1","max-image-preview":"max-image-preview:large","max-video-preview":"max-video-preview:-1"},"canonical":"https:\/\/firstweb.ro\/en\/contact\/","og_locale":"en_US","og_type":"article","og_title":"Contact","og_description":"Hai s\u0103 ne cunoa\u0219tem \u021ai-ar pl\u0103cea s\u0103 discut\u0103m? Contacteaz\u0103-ne. Please enable JavaScript in your browser to complete this form.Please enable JavaScript in your browser to complete this form.Nume *Domeniu de activitateTelefon *Adres\u0103 email *Servicu dorit *Dezvoltare WebDezvoltare WebDesign Publicitar &amp; WebRedesign site webSeo &amp; MarketingPrintare materiale publicitarePrintare 3DGravura &amp; debitare laser Politica de confiden\u021bialitate * [&hellip;]","og_url":"https:\/\/firstweb.ro\/en\/contact\/","og_site_name":"First Web Agency","article_publisher":"https:\/\/www.facebook.com\/firstwebagency","article_modified_time":"2025-04-03T10:20:13+00:00","og_image":[{"url":"https:\/\/firstweb.ro\/wp-content\/plugins\/wpforms-lite\/assets\/images\/submit-spin.svg","type":"","width":"","height":""}],"twitter_card":"summary_large_image","schema":{"@context":"https:\/\/schema.org","@graph":[{"@type":"WebPage","@id":"https:\/\/firstweb.ro\/contact\/","url":"https:\/\/firstweb.ro\/contact\/","name":"Contact - First Web Agency","isPartOf":{"@id":"https:\/\/firstweb.ro\/#website"},"primaryImageOfPage":{"@id":"https:\/\/firstweb.ro\/contact\/#primaryimage"},"image":{"@id":"https:\/\/firstweb.ro\/contact\/#primaryimage"},"thumbnailUrl":"https:\/\/firstweb.ro\/wp-content\/plugins\/wpforms-lite\/assets\/images\/submit-spin.svg","datePublished":"2025-01-26T13:58:12+00:00","dateModified":"2025-04-03T10:20:13+00:00","breadcrumb":{"@id":"https:\/\/firstweb.ro\/contact\/#breadcrumb"},"inLanguage":"en-US","potentialAction":[{"@type":"ReadAction","target":["https:\/\/firstweb.ro\/contact\/"]}]},{"@type":"ImageObject","inLanguage":"en-US","@id":"https:\/\/firstweb.ro\/contact\/#primaryimage","url":"https:\/\/firstweb.ro\/wp-content\/plugins\/wpforms-lite\/assets\/images\/submit-spin.svg","contentUrl":"https:\/\/firstweb.ro\/wp-content\/plugins\/wpforms-lite\/assets\/images\/submit-spin.svg"},{"@type":"BreadcrumbList","@id":"https:\/\/firstweb.ro\/contact\/#breadcrumb","itemListElement":[{"@type":"ListItem","position":1,"name":"Home","item":"https:\/\/firstweb.ro\/"},{"@type":"ListItem","position":2,"name":"Contact"}]},{"@type":"WebSite","@id":"https:\/\/firstweb.ro\/#website","url":"https:\/\/firstweb.ro\/","name":"First Web Agency","description":"Agen\u021bie specializat\u0103 \u00een design &amp; dezvoltare","publisher":{"@id":"https:\/\/firstweb.ro\/#organization"},"potentialAction":[{"@type":"SearchAction","target":{"@type":"EntryPoint","urlTemplate":"https:\/\/firstweb.ro\/?s={search_term_string}"},"query-input":{"@type":"PropertyValueSpecification","valueRequired":true,"valueName":"search_term_string"}}],"inLanguage":"en-US"},{"@type":"Organization","@id":"https:\/\/firstweb.ro\/#organization","name":"First Web Agency","url":"https:\/\/firstweb.ro\/","logo":{"@type":"ImageObject","inLanguage":"en-US","@id":"https:\/\/firstweb.ro\/#\/schema\/logo\/image\/","url":"https:\/\/firstweb.ro\/wp-content\/uploads\/2025\/04\/firstweb-logo-black.webp","contentUrl":"https:\/\/firstweb.ro\/wp-content\/uploads\/2025\/04\/firstweb-logo-black.webp","width":500,"height":150,"caption":"First Web Agency"},"image":{"@id":"https:\/\/firstweb.ro\/#\/schema\/logo\/image\/"},"sameAs":["https:\/\/www.facebook.com\/firstwebagency","https:\/\/www.instagram.com\/first.webagency\/"]}]}},"_links":{"self":[{"href":"https:\/\/firstweb.ro\/en\/wp-json\/wp\/v2\/pages\/616","targetHints":{"allow":["GET"]}}],"collection":[{"href":"https:\/\/firstweb.ro\/en\/wp-json\/wp\/v2\/pages"}],"about":[{"href":"https:\/\/firstweb.ro\/en\/wp-json\/wp\/v2\/types\/page"}],"author":[{"embeddable":true,"href":"https:\/\/firstweb.ro\/en\/wp-json\/wp\/v2\/users\/1"}],"replies":[{"embeddable":true,"href":"https:\/\/firstweb.ro\/en\/wp-json\/wp\/v2\/comments?post=616"}],"version-history":[{"count":7,"href":"https:\/\/firstweb.ro\/en\/wp-json\/wp\/v2\/pages\/616\/revisions"}],"predecessor-version":[{"id":1154,"href":"https:\/\/firstweb.ro\/en\/wp-json\/wp\/v2\/pages\/616\/revisions\/1154"}],"wp:attachment":[{"href":"https:\/\/firstweb.ro\/en\/wp-json\/wp\/v2\/media?parent=616"}],"curies":[{"name":"wp","href":"https:\/\/api.w.org\/{rel}","templated":true}]}}