{"id":537,"date":"2025-01-25T15:55:55","date_gmt":"2025-01-25T15:55:55","guid":{"rendered":"https:\/\/wp.dreamitworld.com\/artek\/?page_id=537"},"modified":"2025-04-02T15:03:51","modified_gmt":"2025-04-02T12:03:51","slug":"despre-noi","status":"publish","type":"page","link":"https:\/\/firstweb.ro\/en\/despre-noi\/","title":{"rendered":"About us"},"content":{"rendered":"<div data-elementor-type=\"wp-page\" data-elementor-id=\"537\" class=\"elementor elementor-537\" data-elementor-post-type=\"page\">\n\t\t\t\t\t\t<section class=\"elementor-section elementor-top-section elementor-element elementor-element-ec15289 elementor-section-boxed elementor-section-height-default elementor-section-height-default\" data-id=\"ec15289\" data-element_type=\"section\">\n\t\t\t\t\t\t<div class=\"elementor-container elementor-column-gap-default\">\n\t\t\t\t\t<div class=\"elementor-column elementor-col-100 elementor-top-column elementor-element elementor-element-233027b\" data-id=\"233027b\" data-element_type=\"column\">\n\t\t\t<div class=\"elementor-widget-wrap elementor-element-populated\">\n\t\t\t\t\t\t<section class=\"elementor-section elementor-inner-section elementor-element elementor-element-e9d4104 elementor-section-boxed elementor-section-height-default elementor-section-height-default\" data-id=\"e9d4104\" data-element_type=\"section\">\n\t\t\t\t\t\t<div class=\"elementor-container elementor-column-gap-default\">\n\t\t\t\t\t<div class=\"elementor-column elementor-col-50 elementor-inner-column elementor-element elementor-element-e803a44\" data-id=\"e803a44\" data-element_type=\"column\">\n\t\t\t<div class=\"elementor-widget-wrap elementor-element-populated\">\n\t\t\t\t\t\t<section class=\"elementor-section elementor-inner-section elementor-element elementor-element-1484f82 elementor-section-boxed elementor-section-height-default elementor-section-height-default\" data-id=\"1484f82\" data-element_type=\"section\">\n\t\t\t\t\t\t<div class=\"elementor-container elementor-column-gap-default\">\n\t\t\t\t\t<div class=\"elementor-column elementor-col-100 elementor-inner-column elementor-element elementor-element-563d8d5\" data-id=\"563d8d5\" data-element_type=\"column\">\n\t\t\t<div class=\"elementor-widget-wrap elementor-element-populated\">\n\t\t\t\t\n\n\t\t<div class=\"elementor-element elementor-element-95bc0ba elementor-widget elementor-widget-section-title\" data-id=\"95bc0ba\" data-element_type=\"widget\" data-widget_type=\"section-title.default\">\n\t\t\t\t<div class=\"elementor-widget-container\">\n\t\t\t\r\n\t\t\t\t\t<div class=\"section-title style2\">\r\n\t\t\t\t \r\n\t\t\t\t\t<h5 class=\"subtitle\">About First Web Agency<\/h5>\r\n\t\t\t\t\t\t\t\t\r\n\t\t\t\t \r\n\t\t\t\t\t<h3 class=\"title\">to <span> First Web Agency,  <\/span> <\/br>  we transform ideas into digital reality.<\/h3>\r\n\t\t\t\t\t\t\t\t\t\t\t\t\r\n\t\t\t\t\t\t\t<\/div>\r\n\r\n\t\t\r\n\t\t\t\t<\/div>\n\t\t\t\t<\/div>\n\t\t\t\t\t<\/div>\n\t\t<\/div>\n\t\t\t\t\t<\/div>\n\t\t<\/section>\n\t\t\t\t\t<\/div>\n\t\t<\/div>\n\t\t\t\t<div class=\"elementor-column elementor-col-50 elementor-inner-column elementor-element elementor-element-5ecba12\" data-id=\"5ecba12\" data-element_type=\"column\">\n\t\t\t<div class=\"elementor-widget-wrap elementor-element-populated\">\n\t\t\t\t\t\t<section class=\"elementor-section elementor-inner-section elementor-element elementor-element-2e99be5 about-company elementor-section-boxed elementor-section-height-default elementor-section-height-default\" data-id=\"2e99be5\" data-element_type=\"section\">\n\t\t\t\t\t\t<div class=\"elementor-container elementor-column-gap-default\">\n\t\t\t\t\t<div class=\"elementor-column elementor-col-50 elementor-inner-column elementor-element elementor-element-82c355e\" data-id=\"82c355e\" data-element_type=\"column\">\n\t\t\t<div class=\"elementor-widget-wrap elementor-element-populated\">\n\t\t\t\t\t\t<div class=\"elementor-element elementor-element-99ff91f elementor-widget elementor-widget-iconbox\" data-id=\"99ff91f\" data-element_type=\"widget\" data-widget_type=\"iconbox.default\">\n\t\t\t\t<div class=\"elementor-widget-container\">\n\t\t\t\n\t\t\t\t<div class=\"icon-box style1\">\n\t\t\t<div class=\"icon-box-icon\">\n\t\t\t\t\t\t\t\t<div class=\"img-icon\">\n\t\t\t\t\t<img decoding=\"async\" src=\"https:\/\/wp.dreamitworld.com\/artek\/wp-content\/uploads\/2025\/01\/icon1.png\" alt=\"artek\">\n\t\t\t\t<\/div>\n\t\t\t\t\t\t\t<\/div>\n\t\t\t<div class=\"icon-box-content\">\n\t\t\t\t<div class=\"title\">\n\t\t\t\t\t<h2> Founded in 2021<\/h2>\n\t\t\t\t<\/div>\n\t\t\t\t<div class=\"description\">\n\t\t\t\t\t<p> Founded in 2021 by Vlad Mo\u0219, the agency has grown steadily, developing and attracting trusted collaborators, because one person can&#039;t do it all. We have expanded our expertise and portfolio, becoming a dedicated team that offers complete solutions for businesses that want to leave their mark in the online environment.\n<\/p>\n\t\t\t\t<\/div>\n\t\t\t<\/div>\n\t\t<\/div>\n\n\t\t\n\t\t\t\t<\/div>\n\t\t\t\t<\/div>\n\t\t\t\t\t<\/div>\n\t\t<\/div>\n\t\t\t\t<div class=\"elementor-column elementor-col-50 elementor-inner-column elementor-element elementor-element-f4f8371\" data-id=\"f4f8371\" data-element_type=\"column\">\n\t\t\t<div class=\"elementor-widget-wrap elementor-element-populated\">\n\t\t\t\t\t\t<div class=\"elementor-element elementor-element-80ab395 elementor-widget elementor-widget-iconbox\" data-id=\"80ab395\" data-element_type=\"widget\" data-widget_type=\"iconbox.default\">\n\t\t\t\t<div class=\"elementor-widget-container\">\n\t\t\t\n\t\t\t\t<div class=\"icon-box style1\">\n\t\t\t<div class=\"icon-box-icon\">\n\t\t\t\t\t\t\t\t<div class=\"img-icon\">\n\t\t\t\t\t<img decoding=\"async\" src=\"https:\/\/wp.dreamitworld.com\/artek\/wp-content\/uploads\/2025\/01\/icon4.png\" alt=\"artek\">\n\t\t\t\t<\/div>\n\t\t\t\t\t\t\t<\/div>\n\t\t\t<div class=\"icon-box-content\">\n\t\t\t\t<div class=\"title\">\n\t\t\t\t\t<h2>Who are we?<\/h2>\n\t\t\t\t<\/div>\n\t\t\t\t<div class=\"description\">\n\t\t\t\t\t<p>We are a passionate team of web design and development professionals with over 4 years of experience in the field. We approach each project with professionalism and creativity, aiming to create websites that not only look good, but also perform exceptionally.<\/p>\n\t\t\t\t<\/div>\n\t\t\t<\/div>\n\t\t<\/div>\n\n\t\t\n\t\t\t\t<\/div>\n\t\t\t\t<\/div>\n\t\t\t\t\t<\/div>\n\t\t<\/div>\n\t\t\t\t\t<\/div>\n\t\t<\/section>\n\t\t\t\t\t<\/div>\n\t\t<\/div>\n\t\t\t\t\t<\/div>\n\t\t<\/section>\n\t\t\t\t\t<\/div>\n\t\t<\/div>\n\t\t\t\t\t<\/div>\n\t\t<\/section>\n\t\t\t\t<section class=\"elementor-section elementor-top-section elementor-element elementor-element-1285d51 elementor-section-boxed elementor-section-height-default elementor-section-height-default\" data-id=\"1285d51\" data-element_type=\"section\" data-settings=\"{&quot;background_background&quot;:&quot;classic&quot;}\">\n\t\t\t\t\t\t<div class=\"elementor-container elementor-column-gap-default\">\n\t\t\t\t\t<div class=\"elementor-column elementor-col-100 elementor-top-column elementor-element elementor-element-de02743\" data-id=\"de02743\" data-element_type=\"column\">\n\t\t\t<div class=\"elementor-widget-wrap elementor-element-populated\">\n\t\t\t\t\t\t<section class=\"elementor-section elementor-inner-section elementor-element elementor-element-7808d96 elementor-section-boxed elementor-section-height-default elementor-section-height-default\" data-id=\"7808d96\" data-element_type=\"section\">\n\t\t\t\t\t\t<div class=\"elementor-container elementor-column-gap-default\">\n\t\t\t\t\t<div class=\"elementor-column elementor-col-100 elementor-inner-column elementor-element elementor-element-0366174\" data-id=\"0366174\" data-element_type=\"column\">\n\t\t\t<div class=\"elementor-widget-wrap elementor-element-populated\">\n\t\t\t\t\t\t<div class=\"elementor-element elementor-element-d542e35 elementor-widget elementor-widget-section-title\" data-id=\"d542e35\" data-element_type=\"widget\" data-widget_type=\"section-title.default\">\n\t\t\t\t<div class=\"elementor-widget-container\">\n\t\t\t\r\n\t\t\r\n\t\t\t<div class=\"section-title style1\">\r\n\t\t\t\t \r\n\t\t\t\t\t<h5 class=\"subtitle\">Services<\/h5>\r\n\t\t\t\t\t\t\t\t\r\n\t\t\t\t \r\n\t\t\t\t\t<h3 class=\"title\">What  <span> we offer<\/span> and why should we <span>choose<\/span>?<\/h3>\r\n\t\t\t\t\t\t\t\t\r\n\t\t\t\t\t\t\t<\/div>\r\n\r\n\t\t\r\n\t\t\t\t<\/div>\n\t\t\t\t<\/div>\n\t\t\t\t\t<\/div>\n\t\t<\/div>\n\t\t\t\t\t<\/div>\n\t\t<\/section>\n\t\t\t\t<section class=\"elementor-section elementor-inner-section elementor-element elementor-element-ac14b6f elementor-section-boxed elementor-section-height-default elementor-section-height-default\" data-id=\"ac14b6f\" data-element_type=\"section\">\n\t\t\t\t\t\t<div class=\"elementor-container elementor-column-gap-default\">\n\t\t\t\t\t<div class=\"elementor-column elementor-col-50 elementor-inner-column elementor-element elementor-element-05cd4cf\" data-id=\"05cd4cf\" data-element_type=\"column\">\n\t\t\t<div class=\"elementor-widget-wrap elementor-element-populated\">\n\t\t\t\t\t\t<div class=\"elementor-element elementor-element-406b6f6 elementor-widget elementor-widget-text-editor\" data-id=\"406b6f6\" data-element_type=\"widget\" data-widget_type=\"text-editor.default\">\n\t\t\t\t<div class=\"elementor-widget-container\">\n\t\t\t\t\t\t\t<ul data-spread=\"false\" data-pm-slice=\"3 3 []\"><li><p><strong>Custom websites<\/strong> \u2013 fast, responsive and SEO optimized.<\/p><\/li><li><p><strong>Online stores<\/strong> \u2013 based on <strong>WooCommerce or Shopify<\/strong>, adapted to the needs of each client.<\/p><\/li><li><p><strong>Graphic design<\/strong> \u2013 logos, promotional materials and branding that reflect your business identity.<\/p><\/li><li><p><strong>Maintenance and support<\/strong> \u2013 so that your website functions flawlessly at all times.<\/p><\/li><li><p><strong>3D printing<\/strong> \u2013 we create personalized objects using state-of-the-art technology.<\/p><\/li><li><p><strong>Laser engraving and cutting<\/strong> \u2013 we use diodes and CO2 for precise customizations.<\/p><\/li><li><p><strong>CNC milling<\/strong> \u2013 for complex projects that require maximum precision.<\/p><\/li><li><p><strong>Printing services<\/strong> \u2013 from banners to <strong>1.8m wide<\/strong>, to t-shirts, HORECA menus, pens, mugs and much more.<\/p><\/li><\/ul>\t\t\t\t\t\t<\/div>\n\t\t\t\t<\/div>\n\t\t\t\t\t<\/div>\n\t\t<\/div>\n\t\t\t\t<div class=\"elementor-column elementor-col-50 elementor-inner-column elementor-element elementor-element-720b12e\" data-id=\"720b12e\" data-element_type=\"column\">\n\t\t\t<div class=\"elementor-widget-wrap elementor-element-populated\">\n\t\t\t\t\t\t<div class=\"elementor-element elementor-element-218cf07 elementor-widget elementor-widget-text-editor\" data-id=\"218cf07\" data-element_type=\"widget\" data-widget_type=\"text-editor.default\">\n\t\t\t\t<div class=\"elementor-widget-container\">\n\t\t\t\t\t\t\t<ul data-spread=\"false\" data-pm-slice=\"3 3 []\"><li><p data-pm-slice=\"1 1 []\"><strong>Experience and professionalism<\/strong> \u2013 We create websites that combine modern design with efficient functionality.<\/p><\/li><li><p data-pm-slice=\"1 1 []\"><strong>Customized solutions<\/strong> \u2013 We understand your business needs and develop appropriate digital strategies.\u00a0<\/p><\/li><li><p data-pm-slice=\"1 1 []\"><strong>State-of-the-art technology<\/strong> \u2013 We use the latest tools to deliver fast and secure websites.\u00a0<\/p><\/li><li><p data-pm-slice=\"1 1 []\"><strong>Long-term support<\/strong> \u2013 We are with you even after the project is launched.<\/p><p>\u00a0<\/p><\/li><\/ul>\t\t\t\t\t\t<\/div>\n\t\t\t\t<\/div>\n\t\t\t\t\t<\/div>\n\t\t<\/div>\n\t\t\t\t\t<\/div>\n\t\t<\/section>\n\t\t\t\t\t<\/div>\n\t\t<\/div>\n\t\t\t\t\t<\/div>\n\t\t<\/section>\n\t\t\t\t<\/div>","protected":false},"excerpt":{"rendered":"<p>About First Web Agency At First Web Agency, we turn ideas into digital reality. Founded in 2021 Founded in 2021 by Vlad Mo\u0219, the agency has grown steadily, developing and attracting trusted collaborators, because one person can\u2019t do it all. We have expanded our expertise and portfolio, becoming a dedicated team that offers solutions [\u2026]<\/p>","protected":false},"author":1,"featured_media":0,"parent":0,"menu_order":0,"comment_status":"closed","ping_status":"closed","template":"page-templates\/template-default.php","meta":{"footnotes":""},"class_list":["post-537","page","type-page","status-publish","hentry"],"yoast_head":"<!-- This site is optimized with the Yoast SEO Premium plugin v22.3 (Yoast SEO v25.2) - https:\/\/yoast.com\/wordpress\/plugins\/seo\/ -->\n<title>Despre noi - First Web Agency<\/title>\n<meta name=\"robots\" content=\"index, follow, max-snippet:-1, max-image-preview:large, max-video-preview:-1\" \/>\n<link rel=\"canonical\" href=\"https:\/\/firstweb.ro\/en\/despre-noi\/\" \/>\n<meta property=\"og:locale\" content=\"en_US\" \/>\n<meta property=\"og:type\" content=\"article\" \/>\n<meta property=\"og:title\" content=\"Despre noi\" \/>\n<meta property=\"og:description\" content=\"Despre First Web Agency La First Web Agency, transform\u0103m ideile \u00een realitate digital\u0103. Fondat\u0103 \u00een 2021 Fondat\u0103 \u00een 2021 de Vlad Mo\u0219, agen\u021bia a crescut constant, dezvolt\u00e2ndu-se \u0219i atr\u0103g\u00e2nd colaboratori de \u00eencredere, pentru c\u0103 un singur om nu le poate face pe toate. Ne-am extins expertiza \u0219i portofoliul, devenind o echip\u0103 dedicat\u0103 care ofer\u0103 solu\u021bii [&hellip;]\" \/>\n<meta property=\"og:url\" content=\"https:\/\/firstweb.ro\/en\/despre-noi\/\" \/>\n<meta property=\"og:site_name\" content=\"First Web Agency\" \/>\n<meta property=\"article:publisher\" content=\"https:\/\/www.facebook.com\/firstwebagency\" \/>\n<meta property=\"article:modified_time\" content=\"2025-04-02T12:03:51+00:00\" \/>\n<meta property=\"og:image\" content=\"https:\/\/wp.dreamitworld.com\/artek\/wp-content\/uploads\/2025\/01\/icon1.png\" \/>\n<meta name=\"twitter:card\" content=\"summary_large_image\" \/>\n<meta name=\"twitter:label1\" content=\"Est. reading time\" \/>\n\t<meta name=\"twitter:data1\" content=\"1 minute\" \/>\n<script type=\"application\/ld+json\" class=\"yoast-schema-graph\">{\"@context\":\"https:\/\/schema.org\",\"@graph\":[{\"@type\":\"WebPage\",\"@id\":\"https:\/\/firstweb.ro\/despre-noi\/\",\"url\":\"https:\/\/firstweb.ro\/despre-noi\/\",\"name\":\"Despre noi - First Web Agency\",\"isPartOf\":{\"@id\":\"https:\/\/firstweb.ro\/#website\"},\"primaryImageOfPage\":{\"@id\":\"https:\/\/firstweb.ro\/despre-noi\/#primaryimage\"},\"image\":{\"@id\":\"https:\/\/firstweb.ro\/despre-noi\/#primaryimage\"},\"thumbnailUrl\":\"https:\/\/wp.dreamitworld.com\/artek\/wp-content\/uploads\/2025\/01\/icon1.png\",\"datePublished\":\"2025-01-25T15:55:55+00:00\",\"dateModified\":\"2025-04-02T12:03:51+00:00\",\"breadcrumb\":{\"@id\":\"https:\/\/firstweb.ro\/despre-noi\/#breadcrumb\"},\"inLanguage\":\"en-US\",\"potentialAction\":[{\"@type\":\"ReadAction\",\"target\":[\"https:\/\/firstweb.ro\/despre-noi\/\"]}]},{\"@type\":\"ImageObject\",\"inLanguage\":\"en-US\",\"@id\":\"https:\/\/firstweb.ro\/despre-noi\/#primaryimage\",\"url\":\"https:\/\/wp.dreamitworld.com\/artek\/wp-content\/uploads\/2025\/01\/icon1.png\",\"contentUrl\":\"https:\/\/wp.dreamitworld.com\/artek\/wp-content\/uploads\/2025\/01\/icon1.png\"},{\"@type\":\"BreadcrumbList\",\"@id\":\"https:\/\/firstweb.ro\/despre-noi\/#breadcrumb\",\"itemListElement\":[{\"@type\":\"ListItem\",\"position\":1,\"name\":\"Home\",\"item\":\"https:\/\/firstweb.ro\/\"},{\"@type\":\"ListItem\",\"position\":2,\"name\":\"Despre noi\"}]},{\"@type\":\"WebSite\",\"@id\":\"https:\/\/firstweb.ro\/#website\",\"url\":\"https:\/\/firstweb.ro\/\",\"name\":\"First Web Agency\",\"description\":\"Agen\u021bie specializat\u0103 \u00een design &amp; dezvoltare\",\"publisher\":{\"@id\":\"https:\/\/firstweb.ro\/#organization\"},\"potentialAction\":[{\"@type\":\"SearchAction\",\"target\":{\"@type\":\"EntryPoint\",\"urlTemplate\":\"https:\/\/firstweb.ro\/?s={search_term_string}\"},\"query-input\":{\"@type\":\"PropertyValueSpecification\",\"valueRequired\":true,\"valueName\":\"search_term_string\"}}],\"inLanguage\":\"en-US\"},{\"@type\":\"Organization\",\"@id\":\"https:\/\/firstweb.ro\/#organization\",\"name\":\"First Web Agency\",\"url\":\"https:\/\/firstweb.ro\/\",\"logo\":{\"@type\":\"ImageObject\",\"inLanguage\":\"en-US\",\"@id\":\"https:\/\/firstweb.ro\/#\/schema\/logo\/image\/\",\"url\":\"https:\/\/firstweb.ro\/wp-content\/uploads\/2025\/04\/firstweb-logo-black.webp\",\"contentUrl\":\"https:\/\/firstweb.ro\/wp-content\/uploads\/2025\/04\/firstweb-logo-black.webp\",\"width\":500,\"height\":150,\"caption\":\"First Web Agency\"},\"image\":{\"@id\":\"https:\/\/firstweb.ro\/#\/schema\/logo\/image\/\"},\"sameAs\":[\"https:\/\/www.facebook.com\/firstwebagency\",\"https:\/\/www.instagram.com\/first.webagency\/\"]}]}<\/script>\n<!-- \/ Yoast SEO Premium plugin. -->","yoast_head_json":{"title":"Despre noi - First Web Agency","robots":{"index":"index","follow":"follow","max-snippet":"max-snippet:-1","max-image-preview":"max-image-preview:large","max-video-preview":"max-video-preview:-1"},"canonical":"https:\/\/firstweb.ro\/en\/despre-noi\/","og_locale":"en_US","og_type":"article","og_title":"Despre noi","og_description":"Despre First Web Agency La First Web Agency, transform\u0103m ideile \u00een realitate digital\u0103. Fondat\u0103 \u00een 2021 Fondat\u0103 \u00een 2021 de Vlad Mo\u0219, agen\u021bia a crescut constant, dezvolt\u00e2ndu-se \u0219i atr\u0103g\u00e2nd colaboratori de \u00eencredere, pentru c\u0103 un singur om nu le poate face pe toate. Ne-am extins expertiza \u0219i portofoliul, devenind o echip\u0103 dedicat\u0103 care ofer\u0103 solu\u021bii [&hellip;]","og_url":"https:\/\/firstweb.ro\/en\/despre-noi\/","og_site_name":"First Web Agency","article_publisher":"https:\/\/www.facebook.com\/firstwebagency","article_modified_time":"2025-04-02T12:03:51+00:00","og_image":[{"url":"https:\/\/wp.dreamitworld.com\/artek\/wp-content\/uploads\/2025\/01\/icon1.png","type":"","width":"","height":""}],"twitter_card":"summary_large_image","twitter_misc":{"Est. reading time":"1 minute"},"schema":{"@context":"https:\/\/schema.org","@graph":[{"@type":"WebPage","@id":"https:\/\/firstweb.ro\/despre-noi\/","url":"https:\/\/firstweb.ro\/despre-noi\/","name":"Despre noi - First Web Agency","isPartOf":{"@id":"https:\/\/firstweb.ro\/#website"},"primaryImageOfPage":{"@id":"https:\/\/firstweb.ro\/despre-noi\/#primaryimage"},"image":{"@id":"https:\/\/firstweb.ro\/despre-noi\/#primaryimage"},"thumbnailUrl":"https:\/\/wp.dreamitworld.com\/artek\/wp-content\/uploads\/2025\/01\/icon1.png","datePublished":"2025-01-25T15:55:55+00:00","dateModified":"2025-04-02T12:03:51+00:00","breadcrumb":{"@id":"https:\/\/firstweb.ro\/despre-noi\/#breadcrumb"},"inLanguage":"en-US","potentialAction":[{"@type":"ReadAction","target":["https:\/\/firstweb.ro\/despre-noi\/"]}]},{"@type":"ImageObject","inLanguage":"en-US","@id":"https:\/\/firstweb.ro\/despre-noi\/#primaryimage","url":"https:\/\/wp.dreamitworld.com\/artek\/wp-content\/uploads\/2025\/01\/icon1.png","contentUrl":"https:\/\/wp.dreamitworld.com\/artek\/wp-content\/uploads\/2025\/01\/icon1.png"},{"@type":"BreadcrumbList","@id":"https:\/\/firstweb.ro\/despre-noi\/#breadcrumb","itemListElement":[{"@type":"ListItem","position":1,"name":"Home","item":"https:\/\/firstweb.ro\/"},{"@type":"ListItem","position":2,"name":"Despre noi"}]},{"@type":"WebSite","@id":"https:\/\/firstweb.ro\/#website","url":"https:\/\/firstweb.ro\/","name":"First Web Agency","description":"Agen\u021bie specializat\u0103 \u00een design &amp; dezvoltare","publisher":{"@id":"https:\/\/firstweb.ro\/#organization"},"potentialAction":[{"@type":"SearchAction","target":{"@type":"EntryPoint","urlTemplate":"https:\/\/firstweb.ro\/?s={search_term_string}"},"query-input":{"@type":"PropertyValueSpecification","valueRequired":true,"valueName":"search_term_string"}}],"inLanguage":"en-US"},{"@type":"Organization","@id":"https:\/\/firstweb.ro\/#organization","name":"First Web Agency","url":"https:\/\/firstweb.ro\/","logo":{"@type":"ImageObject","inLanguage":"en-US","@id":"https:\/\/firstweb.ro\/#\/schema\/logo\/image\/","url":"https:\/\/firstweb.ro\/wp-content\/uploads\/2025\/04\/firstweb-logo-black.webp","contentUrl":"https:\/\/firstweb.ro\/wp-content\/uploads\/2025\/04\/firstweb-logo-black.webp","width":500,"height":150,"caption":"First Web Agency"},"image":{"@id":"https:\/\/firstweb.ro\/#\/schema\/logo\/image\/"},"sameAs":["https:\/\/www.facebook.com\/firstwebagency","https:\/\/www.instagram.com\/first.webagency\/"]}]}},"_links":{"self":[{"href":"https:\/\/firstweb.ro\/en\/wp-json\/wp\/v2\/pages\/537","targetHints":{"allow":["GET"]}}],"collection":[{"href":"https:\/\/firstweb.ro\/en\/wp-json\/wp\/v2\/pages"}],"about":[{"href":"https:\/\/firstweb.ro\/en\/wp-json\/wp\/v2\/types\/page"}],"author":[{"embeddable":true,"href":"https:\/\/firstweb.ro\/en\/wp-json\/wp\/v2\/users\/1"}],"replies":[{"embeddable":true,"href":"https:\/\/firstweb.ro\/en\/wp-json\/wp\/v2\/comments?post=537"}],"version-history":[{"count":4,"href":"https:\/\/firstweb.ro\/en\/wp-json\/wp\/v2\/pages\/537\/revisions"}],"predecessor-version":[{"id":1084,"href":"https:\/\/firstweb.ro\/en\/wp-json\/wp\/v2\/pages\/537\/revisions\/1084"}],"wp:attachment":[{"href":"https:\/\/firstweb.ro\/en\/wp-json\/wp\/v2\/media?parent=537"}],"curies":[{"name":"wp","href":"https:\/\/api.w.org\/{rel}","templated":true}]}}