

{"id":1270,"date":"2025-04-04T11:44:54","date_gmt":"2025-04-04T08:44:54","guid":{"rendered":"https:\/\/firstweb.ro\/?page_id=1270"},"modified":"2025-04-09T13:14:26","modified_gmt":"2025-04-09T10:14:26","slug":"gazduire-web","status":"publish","type":"page","link":"https:\/\/firstweb.ro\/en\/gazduire-web\/","title":{"rendered":"Web hosting"},"content":{"rendered":"<div data-elementor-type=\"wp-page\" data-elementor-id=\"1270\" class=\"elementor elementor-1270\" data-elementor-post-type=\"page\">\n\t\t\t\t\t\t<section class=\"elementor-section elementor-top-section elementor-element elementor-element-3f53e1e elementor-section-boxed elementor-section-height-default elementor-section-height-default\" data-id=\"3f53e1e\" data-element_type=\"section\" data-settings=\"{&quot;background_background&quot;:&quot;classic&quot;}\">\n\t\t\t\t\t\t<div class=\"elementor-container elementor-column-gap-default\">\n\t\t\t\t\t<div class=\"elementor-column elementor-col-100 elementor-top-column elementor-element elementor-element-41bce48\" data-id=\"41bce48\" data-element_type=\"column\">\n\t\t\t<div class=\"elementor-widget-wrap elementor-element-populated\">\n\t\t\t\t\t\t<section class=\"elementor-section elementor-inner-section elementor-element elementor-element-efdb7f2 service-details elementor-section-boxed elementor-section-height-default elementor-section-height-default\" data-id=\"efdb7f2\" data-element_type=\"section\">\n\t\t\t\t\t\t<div class=\"elementor-container elementor-column-gap-default\">\n\t\t\t\t\t<div class=\"elementor-column elementor-col-100 elementor-inner-column elementor-element elementor-element-d3b4e8f\" data-id=\"d3b4e8f\" data-element_type=\"column\">\n\t\t\t<div class=\"elementor-widget-wrap elementor-element-populated\">\n\t\t\t\t\t\t<div class=\"elementor-element elementor-element-ba90030 elementor-widget elementor-widget-image\" data-id=\"ba90030\" data-element_type=\"widget\" data-widget_type=\"image.default\">\n\t\t\t\t<div class=\"elementor-widget-container\">\n\t\t\t\t\t\t\t\t\t\t\t\t\t<img fetchpriority=\"high\" decoding=\"async\" width=\"2560\" height=\"1707\" src=\"https:\/\/firstweb.ro\/wp-content\/uploads\/2025\/04\/gazduire-web-scaled.webp\" class=\"attachment-full size-full wp-image-1283\" alt=\"\" srcset=\"https:\/\/firstweb.ro\/wp-content\/uploads\/2025\/04\/gazduire-web-scaled.webp 2560w, https:\/\/firstweb.ro\/wp-content\/uploads\/2025\/04\/gazduire-web-300x200.webp 300w, https:\/\/firstweb.ro\/wp-content\/uploads\/2025\/04\/gazduire-web-1024x683.webp 1024w, https:\/\/firstweb.ro\/wp-content\/uploads\/2025\/04\/gazduire-web-768x512.webp 768w, https:\/\/firstweb.ro\/wp-content\/uploads\/2025\/04\/gazduire-web-1536x1024.webp 1536w, https:\/\/firstweb.ro\/wp-content\/uploads\/2025\/04\/gazduire-web-2048x1365.webp 2048w\" sizes=\"(max-width: 2560px) 100vw, 2560px\" \/>\t\t\t\t\t\t\t\t\t\t\t\t\t<\/div>\n\t\t\t\t<\/div>\n\t\t\t\t\t<\/div>\n\t\t<\/div>\n\t\t\t\t\t<\/div>\n\t\t<\/section>\n\t\t\t\t\t<\/div>\n\t\t<\/div>\n\t\t\t\t\t<\/div>\n\t\t<\/section>\n\t\t\t\t<section class=\"elementor-section elementor-top-section elementor-element elementor-element-e1efb96 elementor-section-boxed elementor-section-height-default elementor-section-height-default\" data-id=\"e1efb96\" data-element_type=\"section\">\n\t\t\t\t\t\t<div class=\"elementor-container elementor-column-gap-default\">\n\t\t\t\t\t<div class=\"elementor-column elementor-col-100 elementor-top-column elementor-element elementor-element-7bb5a2e\" data-id=\"7bb5a2e\" data-element_type=\"column\">\n\t\t\t<div class=\"elementor-widget-wrap elementor-element-populated\">\n\t\t\t\t\t\t<div class=\"elementor-element elementor-element-f06082d elementor-widget elementor-widget-section-title\" data-id=\"f06082d\" data-element_type=\"widget\" data-widget_type=\"section-title.default\">\n\t\t\t\t<div class=\"elementor-widget-container\">\n\t\t\t\r\n\t\t\r\n\t\t\t<div class=\"section-title style6\">\r\n\t\t\t\t\t\t\t\t\r\n\t\t\t\t \r\n\t\t\t\t\t<h3 class=\"title\">Web Hosting for WordPress Sites \u2013 Fast, Stable, and with Real Support<\/h3>\r\n\t\t\t\t\t\t\t\t\r\n\t\t\t\t\t\t\t\t\r\n\t\t\t\t\t\t\t\t\r\n\t\t\t\t \r\n\t\t\t\t\t<p class=\"description\">Looking for a hassle-free web hosting solution? First Web offers you WordPress-optimized hosting, with human support, complete configuration, and Romanian-language support. Ideal for presentation sites, online stores, or course platforms.<\/p>\r\n\t\t\t\t\t\t\t<\/div>\r\n\r\n\t\t\r\n\t\t\t\t<\/div>\n\t\t\t\t<\/div>\n\t\t\t\t<div class=\"elementor-element elementor-element-8de0640 service-dt-md elementor-widget elementor-widget-simple-heading\" data-id=\"8de0640\" data-element_type=\"widget\" data-widget_type=\"simple-heading.default\">\n\t\t\t\t<div class=\"elementor-widget-container\">\n\t\t\t        \t\t<div class=\"heading style1\">\r\n\t\t\t<p class=\"heading-text\">What do we offer you?<\/p>\r\n\t\t<\/div>\r\n\r\n\t\t\t\t<\/div>\n\t\t\t\t<\/div>\n\t\t\t\t<div class=\"elementor-element elementor-element-81250ff elementor-widget elementor-widget-simple-heading\" data-id=\"81250ff\" data-element_type=\"widget\" data-widget_type=\"simple-heading.default\">\n\t\t\t\t<div class=\"elementor-widget-container\">\n\t\t\t        \t\t<div class=\"heading style1\">\r\n\t\t\t<p class=\"heading-text\">High-performance servers in data centers in Europe, with guaranteed uptime of 99.9%<\/br>\nAdvanced protection against DDoS attacks<\/br>\nAutomatic daily backup \u2013 your data is safe, no matter what happens<\/br>\nFree SSL certificate to protect your visitors<\/br>\nIntegrated firewall and malware scanning<\/br>\nSSD\/NVMe hosting \u2013 increased loading speed for any type of website<\/br>\nDedicated resources \u2013 unlimited traffic and consistent performance<\/br>\nFull compatibility with WordPress, WooCommerce, Laravel, etc.<\/p>\r\n\t\t<\/div>\r\n\r\n\t\t\t\t<\/div>\n\t\t\t\t<\/div>\n\t\t\t\t\t<\/div>\n\t\t<\/div>\n\t\t\t\t\t<\/div>\n\t\t<\/section>\n\t\t\t\t<section class=\"elementor-section elementor-top-section elementor-element elementor-element-85edbec elementor-section-boxed elementor-section-height-default elementor-section-height-default\" data-id=\"85edbec\" data-element_type=\"section\">\n\t\t\t\t\t\t<div class=\"elementor-container elementor-column-gap-default\">\n\t\t\t\t\t<div class=\"elementor-column elementor-col-100 elementor-top-column elementor-element elementor-element-b164bce\" data-id=\"b164bce\" data-element_type=\"column\">\n\t\t\t<div class=\"elementor-widget-wrap elementor-element-populated\">\n\t\t\t\t\t\t<section class=\"elementor-section elementor-inner-section elementor-element elementor-element-17f0304 elementor-section-boxed elementor-section-height-default elementor-section-height-default\" data-id=\"17f0304\" data-element_type=\"section\">\n\t\t\t\t\t\t<div class=\"elementor-container elementor-column-gap-default\">\n\t\t\t\t\t<div class=\"elementor-column elementor-col-100 elementor-inner-column elementor-element elementor-element-f41e3ca\" data-id=\"f41e3ca\" data-element_type=\"column\">\n\t\t\t<div class=\"elementor-widget-wrap elementor-element-populated\">\n\t\t\t\t\t\t<div class=\"elementor-element elementor-element-2280bb8 elementor-widget elementor-widget-section-title\" data-id=\"2280bb8\" data-element_type=\"widget\" data-widget_type=\"section-title.default\">\n\t\t\t\t<div class=\"elementor-widget-container\">\n\t\t\t\r\n\t\t\r\n\t\t\t<div class=\"section-title style1\">\r\n\t\t\t\t \r\n\t\t\t\t\t<h5 class=\"subtitle\">rates<\/h5>\r\n\t\t\t\t\t\t\t\t\r\n\t\t\t\t \r\n\t\t\t\t\t<h3 class=\"title\">Choose the package<span> RIGHT <\/span> your needs!<\/h3>\r\n\t\t\t\t\t\t\t\t\r\n\t\t\t\t\t\t\t<\/div>\r\n\r\n\t\t\r\n\t\t\t\t<\/div>\n\t\t\t\t<\/div>\n\t\t\t\t\t<\/div>\n\t\t<\/div>\n\t\t\t\t\t<\/div>\n\t\t<\/section>\n\t\t\t\t\t<\/div>\n\t\t<\/div>\n\t\t\t\t\t<\/div>\n\t\t<\/section>\n\t\t\t\t<section class=\"elementor-section elementor-top-section elementor-element elementor-element-0b683b0 elementor-section-boxed elementor-section-height-default elementor-section-height-default\" data-id=\"0b683b0\" data-element_type=\"section\">\n\t\t\t\t\t\t<div class=\"elementor-container elementor-column-gap-default\">\n\t\t\t\t\t<div class=\"elementor-column elementor-col-100 elementor-top-column elementor-element elementor-element-aafb8a1\" data-id=\"aafb8a1\" data-element_type=\"column\">\n\t\t\t<div class=\"elementor-widget-wrap elementor-element-populated\">\n\t\t\t\t\t\t<section class=\"elementor-section elementor-inner-section elementor-element elementor-element-25f4eb5 elementor-section-boxed elementor-section-height-default elementor-section-height-default\" data-id=\"25f4eb5\" data-element_type=\"section\">\n\t\t\t\t\t\t<div class=\"elementor-container elementor-column-gap-default\">\n\t\t\t\t\t<div class=\"elementor-column elementor-col-33 elementor-inner-column elementor-element elementor-element-8d46ea0\" data-id=\"8d46ea0\" data-element_type=\"column\">\n\t\t\t<div class=\"elementor-widget-wrap elementor-element-populated\">\n\t\t\t\t\t\t<div class=\"elementor-element elementor-element-3727373 elementor-widget elementor-widget-pricingtable\" data-id=\"3727373\" data-element_type=\"widget\" data-widget_type=\"pricingtable.default\">\n\t\t\t\t<div class=\"elementor-widget-container\">\n\t\t\t\r\n\t\t\t\t\t<div class=\"pricing style3\">\r\n\t\t\t\t<div class=\"pricing_img\">\r\n    \t\t\t\t<img decoding=\"async\" src=\"https:\/\/wp.dreamitworld.com\/artek\/wp-content\/uploads\/2025\/01\/pricing-icon1.png\" alt=\"artek\" \/>\r\n    \t\t\t<\/div>\r\n    \t\t\t<div class=\"pricing-head\">\r\n\t\t\t\t\t<h3 class=\"pricing-title\">Start<\/h3>\r\n\t\t\t\t<\/div>\r\n\t\t\t\t<div class=\"pricing-body\">\r\n\t\t\t\t\t<ul class=\"features\">\t\t\t\t\t\t\t\t\t\t\t\t\t\t\t\t\t\r\n\t\t\t\t\t\t\t\t\t\t\t\t\t<li>\r\n    \t\t\t\t\t\t    \t\t\t\t\t\t<i aria-hidden=\"true\" class=\"flaticon flaticon-play-button-1\"><\/i>    \t\t\t\t\t\t\t\t\t\t\t\t\tIdeal for presentation sites\t\t\t\t\t\t\t<\/li>\r\n\t\t\t\t\t\t\t\t\t\t\t\t\t<li>\r\n    \t\t\t\t\t\t    \t\t\t\t\t\t<i aria-hidden=\"true\" class=\"flaticon flaticon-play-button-1\"><\/i>    \t\t\t\t\t\t\t\t\t\t\t\t\t1 hosted domain\t\t\t\t\t\t\t<\/li>\r\n\t\t\t\t\t\t\t\t\t\t\t\t\t<li>\r\n    \t\t\t\t\t\t    \t\t\t\t\t\t<i aria-hidden=\"true\" class=\"flaticon flaticon-play-button-1\"><\/i>    \t\t\t\t\t\t\t\t\t\t\t\t\t5 GB SSD space\t\t\t\t\t\t\t<\/li>\r\n\t\t\t\t\t\t\t\t\t\t\t\t\t<li>\r\n    \t\t\t\t\t\t    \t\t\t\t\t\t<i aria-hidden=\"true\" class=\"flaticon flaticon-play-button-1\"><\/i>    \t\t\t\t\t\t\t\t\t\t\t\t\tSSL certificate included\t\t\t\t\t\t\t<\/li>\r\n\t\t\t\t\t\t\t\t\t\t\t\t\t<li>\r\n    \t\t\t\t\t\t    \t\t\t\t\t\t<i aria-hidden=\"true\" class=\"flaticon flaticon-play-button-1\"><\/i>    \t\t\t\t\t\t\t\t\t\t\t\t\tDaily backup\t\t\t\t\t\t\t<\/li>\r\n\t\t\t\t\t\t\t\t\t\t\t\t\t<li>\r\n    \t\t\t\t\t\t    \t\t\t\t\t\t<i aria-hidden=\"true\" class=\"flaticon flaticon-play-button-1\"><\/i>    \t\t\t\t\t\t\t\t\t\t\t\t\tUnlimited traffic\t\t\t\t\t\t\t<\/li>\r\n\t\t\t\t\t\t\t\t\t\t\t\t\t<li>\r\n    \t\t\t\t\t\t    \t\t\t\t\t\t<i aria-hidden=\"true\" class=\"flaticon flaticon-play-button-1\"><\/i>    \t\t\t\t\t\t\t\t\t\t\t\t\tTechnical support included\t\t\t\t\t\t\t<\/li>\r\n\t\t\t\t\t\t\t\t\t\t\t\t\t\t\t\t\t\t\t\t\r\n\t\t\t\t\t<\/ul>\r\n\t\t\t\t<\/div>\r\n\t\t\t\t<div class=\"price-item\">\r\n\t\t\t\t\t\t\t\t\t\t\t<span class=\"currency\">\u20ac<\/span>\r\n\t\t\t\t\t\t\r\n\t\t\t\t\t\t\t\t\t\t\t<span class=\"tk\">70<\/span>\r\n\t\t\t\t\t\t\t\r\n\t\t\t\t\t\t\r\n\t\t\t\t<\/div>\r\n\t\t\t\t<div class=\"price-button\">\r\n\t\t\t\t\t<a class=\"pricing-button singinp\" href=\"https:\/\/firstweb.ro\/en\/contact\/\">Start a discussion<\/a>\r\n\t\t\t\t<\/div>\r\n\t\t\t<\/div>\r\n\t\t\t\r\n\t\t\t\r\n\t\t\t\t<\/div>\n\t\t\t\t<\/div>\n\t\t\t\t\t<\/div>\n\t\t<\/div>\n\t\t\t\t<div class=\"elementor-column elementor-col-33 elementor-inner-column elementor-element elementor-element-c220284\" data-id=\"c220284\" data-element_type=\"column\">\n\t\t\t<div class=\"elementor-widget-wrap\">\n\t\t\t\t\t\t\t<\/div>\n\t\t<\/div>\n\t\t\t\t<div class=\"elementor-column elementor-col-33 elementor-inner-column elementor-element elementor-element-7097279\" data-id=\"7097279\" data-element_type=\"column\">\n\t\t\t<div class=\"elementor-widget-wrap elementor-element-populated\">\n\t\t\t\t\t\t<div class=\"elementor-element elementor-element-93b849a elementor-widget elementor-widget-pricingtable\" data-id=\"93b849a\" data-element_type=\"widget\" data-widget_type=\"pricingtable.default\">\n\t\t\t\t<div class=\"elementor-widget-container\">\n\t\t\t\r\n\t\t\t\t\t<div class=\"pricing style3\">\r\n\t\t\t\t<div class=\"pricing_img\">\r\n    \t\t\t\t<img decoding=\"async\" src=\"https:\/\/wp.dreamitworld.com\/artek\/wp-content\/uploads\/2025\/01\/pricing-icon2.png\" alt=\"artek\" \/>\r\n    \t\t\t<\/div>\r\n    \t\t\t<div class=\"pricing-head\">\r\n\t\t\t\t\t<h3 class=\"pricing-title\">Business<\/h3>\r\n\t\t\t\t<\/div>\r\n\t\t\t\t<div class=\"pricing-body\">\r\n\t\t\t\t\t<ul class=\"features\">\t\t\t\t\t\t\t\t\t\t\t\t\t\t\t\t\t\r\n\t\t\t\t\t\t\t\t\t\t\t\t\t<li>\r\n    \t\t\t\t\t\t    \t\t\t\t\t\t<i aria-hidden=\"true\" class=\"flaticon flaticon-play-button-1\"><\/i>    \t\t\t\t\t\t\t\t\t\t\t\t\tIdeal for online stores and complex websites\t\t\t\t\t\t\t<\/li>\r\n\t\t\t\t\t\t\t\t\t\t\t\t\t<li>\r\n    \t\t\t\t\t\t    \t\t\t\t\t\t<i aria-hidden=\"true\" class=\"flaticon flaticon-play-button-1\"><\/i>    \t\t\t\t\t\t\t\t\t\t\t\t\tUp to 3 hosted websites\t\t\t\t\t\t\t<\/li>\r\n\t\t\t\t\t\t\t\t\t\t\t\t\t<li>\r\n    \t\t\t\t\t\t    \t\t\t\t\t\t<i aria-hidden=\"true\" class=\"flaticon flaticon-play-button-1\"><\/i>    \t\t\t\t\t\t\t\t\t\t\t\t\t10 GB SSD space\t\t\t\t\t\t\t<\/li>\r\n\t\t\t\t\t\t\t\t\t\t\t\t\t<li>\r\n    \t\t\t\t\t\t    \t\t\t\t\t\t<i aria-hidden=\"true\" class=\"flaticon flaticon-play-button-1\"><\/i>    \t\t\t\t\t\t\t\t\t\t\t\t\tHigh performance\t\t\t\t\t\t\t<\/li>\r\n\t\t\t\t\t\t\t\t\t\t\t\t\t<li>\r\n    \t\t\t\t\t\t    \t\t\t\t\t\t<i aria-hidden=\"true\" class=\"flaticon flaticon-play-button-1\"><\/i>    \t\t\t\t\t\t\t\t\t\t\t\t\tSSL certificate + personalized email\t\t\t\t\t\t\t<\/li>\r\n\t\t\t\t\t\t\t\t\t\t\t\t\t<li>\r\n    \t\t\t\t\t\t    \t\t\t\t\t\t<i aria-hidden=\"true\" class=\"flaticon flaticon-play-button-1\"><\/i>    \t\t\t\t\t\t\t\t\t\t\t\t\tWordPress optimization included\t\t\t\t\t\t\t<\/li>\r\n\t\t\t\t\t\t\t\t\t\t\t\t\t<li>\r\n    \t\t\t\t\t\t    \t\t\t\t\t\t<i aria-hidden=\"true\" class=\"flaticon flaticon-play-button-1\"><\/i>    \t\t\t\t\t\t\t\t\t\t\t\t\tPremium support\t\t\t\t\t\t\t<\/li>\r\n\t\t\t\t\t\t\t\t\t\t\t\t\t\t\t\t\t\t\t\t\r\n\t\t\t\t\t<\/ul>\r\n\t\t\t\t<\/div>\r\n\t\t\t\t<div class=\"price-item\">\r\n\t\t\t\t\t\t\t\t\t\t\t<span class=\"currency\">\u20ac<\/span>\r\n\t\t\t\t\t\t\r\n\t\t\t\t\t\t\t\t\t\t\t<span class=\"tk\">120<\/span>\r\n\t\t\t\t\t\t\t\r\n\t\t\t\t\t\t\r\n\t\t\t\t<\/div>\r\n\t\t\t\t<div class=\"price-button\">\r\n\t\t\t\t\t<a class=\"pricing-button singinp\" href=\"https:\/\/firstweb.ro\/en\/contact\/\">Start a Discussion<\/a>\r\n\t\t\t\t<\/div>\r\n\t\t\t<\/div>\r\n\t\t\t\r\n\t\t\t\r\n\t\t\t\t<\/div>\n\t\t\t\t<\/div>\n\t\t\t\t\t<\/div>\n\t\t<\/div>\n\t\t\t\t\t<\/div>\n\t\t<\/section>\n\t\t\t\t\t<\/div>\n\t\t<\/div>\n\t\t\t\t\t<\/div>\n\t\t<\/section>\n\t\t\t\t<\/div>","protected":false},"excerpt":{"rendered":"<p>Web Hosting for WordPress Sites \u2013 Fast, Stable and with Real Support Are you looking for a hassle-free web hosting solution? First Web offers you optimized hosting for WordPress, with human support, complete configuration and assistance in Romanian. Ideal for presentation sites, online stores or course platforms. What do we offer you? Servers [\u2026]<\/p>","protected":false},"author":1,"featured_media":0,"parent":0,"menu_order":0,"comment_status":"closed","ping_status":"closed","template":"page-templates\/template-default.php","meta":{"footnotes":""},"class_list":["post-1270","page","type-page","status-publish","hentry"],"yoast_head":"<!-- This site is optimized with the Yoast SEO Premium plugin v22.3 (Yoast SEO v25.2) - https:\/\/yoast.com\/wordpress\/plugins\/seo\/ -->\n<title>G\u0103zduire Web WordPress cu Suport \u2013 First Web Agency<\/title>\n<meta name=\"description\" content=\"G\u0103zduire web rapid\u0103 \u0219i sigur\u0103 pentru site-uri WordPress, cu suport uman real. Alege \u00eentre plat\u0103 anual\u0103 sau lunar\u0103. Perfect pentru afacerea ta\" \/>\n<meta name=\"robots\" content=\"index, follow, max-snippet:-1, max-image-preview:large, max-video-preview:-1\" \/>\n<link rel=\"canonical\" href=\"https:\/\/firstweb.ro\/en\/gazduire-web\/\" \/>\n<meta property=\"og:locale\" content=\"en_US\" \/>\n<meta property=\"og:type\" content=\"article\" \/>\n<meta property=\"og:title\" content=\"G\u0103zduire Web WordPress cu Suport \u2013 First Web Agency\" \/>\n<meta property=\"og:description\" content=\"G\u0103zduire web rapid\u0103 \u0219i sigur\u0103 pentru site-uri WordPress, cu suport uman real. Alege \u00eentre plat\u0103 anual\u0103 sau lunar\u0103. Perfect pentru afacerea ta\" \/>\n<meta property=\"og:url\" content=\"https:\/\/firstweb.ro\/en\/gazduire-web\/\" \/>\n<meta property=\"og:site_name\" content=\"First Web Agency\" \/>\n<meta property=\"article:publisher\" content=\"https:\/\/www.facebook.com\/firstwebagency\" \/>\n<meta property=\"article:modified_time\" content=\"2025-04-09T10:14:26+00:00\" \/>\n<meta property=\"og:image\" content=\"https:\/\/firstweb.ro\/wp-content\/uploads\/2025\/04\/gazduire-web-scaled.webp\" \/>\n\t<meta property=\"og:image:width\" content=\"2560\" \/>\n\t<meta property=\"og:image:height\" content=\"1707\" \/>\n\t<meta property=\"og:image:type\" content=\"image\/webp\" \/>\n<meta name=\"twitter:card\" content=\"summary_large_image\" \/>\n<meta name=\"twitter:title\" content=\"G\u0103zduire web\" \/>\n<meta name=\"twitter:label1\" content=\"Est. reading time\" \/>\n\t<meta name=\"twitter:data1\" content=\"2 minutes\" \/>\n<script type=\"application\/ld+json\" class=\"yoast-schema-graph\">{\"@context\":\"https:\/\/schema.org\",\"@graph\":[{\"@type\":\"WebPage\",\"@id\":\"https:\/\/firstweb.ro\/gazduire-web\/\",\"url\":\"https:\/\/firstweb.ro\/gazduire-web\/\",\"name\":\"G\u0103zduire Web WordPress cu Suport \u2013 First Web Agency\",\"isPartOf\":{\"@id\":\"https:\/\/firstweb.ro\/#website\"},\"primaryImageOfPage\":{\"@id\":\"https:\/\/firstweb.ro\/gazduire-web\/#primaryimage\"},\"image\":{\"@id\":\"https:\/\/firstweb.ro\/gazduire-web\/#primaryimage\"},\"thumbnailUrl\":\"https:\/\/firstweb.ro\/wp-content\/uploads\/2025\/04\/gazduire-web-scaled.webp\",\"datePublished\":\"2025-04-04T08:44:54+00:00\",\"dateModified\":\"2025-04-09T10:14:26+00:00\",\"description\":\"G\u0103zduire web rapid\u0103 \u0219i sigur\u0103 pentru site-uri WordPress, cu suport uman real. Alege \u00eentre plat\u0103 anual\u0103 sau lunar\u0103. Perfect pentru afacerea ta\",\"breadcrumb\":{\"@id\":\"https:\/\/firstweb.ro\/gazduire-web\/#breadcrumb\"},\"inLanguage\":\"en-US\",\"potentialAction\":[{\"@type\":\"ReadAction\",\"target\":[\"https:\/\/firstweb.ro\/gazduire-web\/\"]}]},{\"@type\":\"ImageObject\",\"inLanguage\":\"en-US\",\"@id\":\"https:\/\/firstweb.ro\/gazduire-web\/#primaryimage\",\"url\":\"https:\/\/firstweb.ro\/wp-content\/uploads\/2025\/04\/gazduire-web-scaled.webp\",\"contentUrl\":\"https:\/\/firstweb.ro\/wp-content\/uploads\/2025\/04\/gazduire-web-scaled.webp\"},{\"@type\":\"BreadcrumbList\",\"@id\":\"https:\/\/firstweb.ro\/gazduire-web\/#breadcrumb\",\"itemListElement\":[{\"@type\":\"ListItem\",\"position\":1,\"name\":\"Home\",\"item\":\"https:\/\/firstweb.ro\/\"},{\"@type\":\"ListItem\",\"position\":2,\"name\":\"G\u0103zduire web\"}]},{\"@type\":\"WebSite\",\"@id\":\"https:\/\/firstweb.ro\/#website\",\"url\":\"https:\/\/firstweb.ro\/\",\"name\":\"First Web Agency\",\"description\":\"Agen\u021bie specializat\u0103 \u00een design &amp; dezvoltare\",\"publisher\":{\"@id\":\"https:\/\/firstweb.ro\/#organization\"},\"potentialAction\":[{\"@type\":\"SearchAction\",\"target\":{\"@type\":\"EntryPoint\",\"urlTemplate\":\"https:\/\/firstweb.ro\/?s={search_term_string}\"},\"query-input\":{\"@type\":\"PropertyValueSpecification\",\"valueRequired\":true,\"valueName\":\"search_term_string\"}}],\"inLanguage\":\"en-US\"},{\"@type\":\"Organization\",\"@id\":\"https:\/\/firstweb.ro\/#organization\",\"name\":\"First Web Agency\",\"url\":\"https:\/\/firstweb.ro\/\",\"logo\":{\"@type\":\"ImageObject\",\"inLanguage\":\"en-US\",\"@id\":\"https:\/\/firstweb.ro\/#\/schema\/logo\/image\/\",\"url\":\"https:\/\/firstweb.ro\/wp-content\/uploads\/2025\/04\/firstweb-logo-black.webp\",\"contentUrl\":\"https:\/\/firstweb.ro\/wp-content\/uploads\/2025\/04\/firstweb-logo-black.webp\",\"width\":500,\"height\":150,\"caption\":\"First Web Agency\"},\"image\":{\"@id\":\"https:\/\/firstweb.ro\/#\/schema\/logo\/image\/\"},\"sameAs\":[\"https:\/\/www.facebook.com\/firstwebagency\",\"https:\/\/www.instagram.com\/first.webagency\/\"]}]}<\/script>\n<!-- \/ Yoast SEO Premium plugin. -->","yoast_head_json":{"title":"G\u0103zduire Web WordPress cu Suport \u2013 First Web Agency","description":"G\u0103zduire web rapid\u0103 \u0219i sigur\u0103 pentru site-uri WordPress, cu suport uman real. Alege \u00eentre plat\u0103 anual\u0103 sau lunar\u0103. Perfect pentru afacerea ta","robots":{"index":"index","follow":"follow","max-snippet":"max-snippet:-1","max-image-preview":"max-image-preview:large","max-video-preview":"max-video-preview:-1"},"canonical":"https:\/\/firstweb.ro\/en\/gazduire-web\/","og_locale":"en_US","og_type":"article","og_title":"G\u0103zduire Web WordPress cu Suport \u2013 First Web Agency","og_description":"G\u0103zduire web rapid\u0103 \u0219i sigur\u0103 pentru site-uri WordPress, cu suport uman real. Alege \u00eentre plat\u0103 anual\u0103 sau lunar\u0103. Perfect pentru afacerea ta","og_url":"https:\/\/firstweb.ro\/en\/gazduire-web\/","og_site_name":"First Web Agency","article_publisher":"https:\/\/www.facebook.com\/firstwebagency","article_modified_time":"2025-04-09T10:14:26+00:00","og_image":[{"width":2560,"height":1707,"url":"https:\/\/firstweb.ro\/wp-content\/uploads\/2025\/04\/gazduire-web-scaled.webp","type":"image\/webp"}],"twitter_card":"summary_large_image","twitter_title":"G\u0103zduire web","twitter_misc":{"Est. reading time":"2 minutes"},"schema":{"@context":"https:\/\/schema.org","@graph":[{"@type":"WebPage","@id":"https:\/\/firstweb.ro\/gazduire-web\/","url":"https:\/\/firstweb.ro\/gazduire-web\/","name":"G\u0103zduire Web WordPress cu Suport \u2013 First Web Agency","isPartOf":{"@id":"https:\/\/firstweb.ro\/#website"},"primaryImageOfPage":{"@id":"https:\/\/firstweb.ro\/gazduire-web\/#primaryimage"},"image":{"@id":"https:\/\/firstweb.ro\/gazduire-web\/#primaryimage"},"thumbnailUrl":"https:\/\/firstweb.ro\/wp-content\/uploads\/2025\/04\/gazduire-web-scaled.webp","datePublished":"2025-04-04T08:44:54+00:00","dateModified":"2025-04-09T10:14:26+00:00","description":"G\u0103zduire web rapid\u0103 \u0219i sigur\u0103 pentru site-uri WordPress, cu suport uman real. Alege \u00eentre plat\u0103 anual\u0103 sau lunar\u0103. Perfect pentru afacerea ta","breadcrumb":{"@id":"https:\/\/firstweb.ro\/gazduire-web\/#breadcrumb"},"inLanguage":"en-US","potentialAction":[{"@type":"ReadAction","target":["https:\/\/firstweb.ro\/gazduire-web\/"]}]},{"@type":"ImageObject","inLanguage":"en-US","@id":"https:\/\/firstweb.ro\/gazduire-web\/#primaryimage","url":"https:\/\/firstweb.ro\/wp-content\/uploads\/2025\/04\/gazduire-web-scaled.webp","contentUrl":"https:\/\/firstweb.ro\/wp-content\/uploads\/2025\/04\/gazduire-web-scaled.webp"},{"@type":"BreadcrumbList","@id":"https:\/\/firstweb.ro\/gazduire-web\/#breadcrumb","itemListElement":[{"@type":"ListItem","position":1,"name":"Home","item":"https:\/\/firstweb.ro\/"},{"@type":"ListItem","position":2,"name":"G\u0103zduire web"}]},{"@type":"WebSite","@id":"https:\/\/firstweb.ro\/#website","url":"https:\/\/firstweb.ro\/","name":"First Web Agency","description":"Agen\u021bie specializat\u0103 \u00een design &amp; dezvoltare","publisher":{"@id":"https:\/\/firstweb.ro\/#organization"},"potentialAction":[{"@type":"SearchAction","target":{"@type":"EntryPoint","urlTemplate":"https:\/\/firstweb.ro\/?s={search_term_string}"},"query-input":{"@type":"PropertyValueSpecification","valueRequired":true,"valueName":"search_term_string"}}],"inLanguage":"en-US"},{"@type":"Organization","@id":"https:\/\/firstweb.ro\/#organization","name":"First Web Agency","url":"https:\/\/firstweb.ro\/","logo":{"@type":"ImageObject","inLanguage":"en-US","@id":"https:\/\/firstweb.ro\/#\/schema\/logo\/image\/","url":"https:\/\/firstweb.ro\/wp-content\/uploads\/2025\/04\/firstweb-logo-black.webp","contentUrl":"https:\/\/firstweb.ro\/wp-content\/uploads\/2025\/04\/firstweb-logo-black.webp","width":500,"height":150,"caption":"First Web Agency"},"image":{"@id":"https:\/\/firstweb.ro\/#\/schema\/logo\/image\/"},"sameAs":["https:\/\/www.facebook.com\/firstwebagency","https:\/\/www.instagram.com\/first.webagency\/"]}]}},"_links":{"self":[{"href":"https:\/\/firstweb.ro\/en\/wp-json\/wp\/v2\/pages\/1270","targetHints":{"allow":["GET"]}}],"collection":[{"href":"https:\/\/firstweb.ro\/en\/wp-json\/wp\/v2\/pages"}],"about":[{"href":"https:\/\/firstweb.ro\/en\/wp-json\/wp\/v2\/types\/page"}],"author":[{"embeddable":true,"href":"https:\/\/firstweb.ro\/en\/wp-json\/wp\/v2\/users\/1"}],"replies":[{"embeddable":true,"href":"https:\/\/firstweb.ro\/en\/wp-json\/wp\/v2\/comments?post=1270"}],"version-history":[{"count":16,"href":"https:\/\/firstweb.ro\/en\/wp-json\/wp\/v2\/pages\/1270\/revisions"}],"predecessor-version":[{"id":1460,"href":"https:\/\/firstweb.ro\/en\/wp-json\/wp\/v2\/pages\/1270\/revisions\/1460"}],"wp:attachment":[{"href":"https:\/\/firstweb.ro\/en\/wp-json\/wp\/v2\/media?parent=1270"}],"curies":[{"name":"wp","href":"https:\/\/api.w.org\/{rel}","templated":true}]}}