{"id":1067,"date":"2025-04-02T14:32:03","date_gmt":"2025-04-02T11:32:03","guid":{"rendered":"https:\/\/firstweb.ro\/?page_id=1067"},"modified":"2025-04-09T13:10:06","modified_gmt":"2025-04-09T10:10:06","slug":"print-digital","status":"publish","type":"page","link":"https:\/\/firstweb.ro\/en\/print-digital\/","title":{"rendered":"Digital printing"},"content":{"rendered":"<div data-elementor-type=\"wp-page\" data-elementor-id=\"1067\" class=\"elementor elementor-1067\" data-elementor-post-type=\"page\">\n\t\t\t\t\t\t<section class=\"elementor-section elementor-top-section elementor-element elementor-element-44a0685 elementor-section-boxed elementor-section-height-default elementor-section-height-default\" data-id=\"44a0685\" data-element_type=\"section\" data-settings=\"{&quot;background_background&quot;:&quot;classic&quot;}\">\n\t\t\t\t\t\t<div class=\"elementor-container elementor-column-gap-default\">\n\t\t\t\t\t<div class=\"elementor-column elementor-col-100 elementor-top-column elementor-element elementor-element-dae44f4\" data-id=\"dae44f4\" data-element_type=\"column\">\n\t\t\t<div class=\"elementor-widget-wrap elementor-element-populated\">\n\t\t\t\t\t\t<section class=\"elementor-section elementor-inner-section elementor-element elementor-element-1b90c90 service-details elementor-section-boxed elementor-section-height-default elementor-section-height-default\" data-id=\"1b90c90\" data-element_type=\"section\">\n\t\t\t\t\t\t<div class=\"elementor-container elementor-column-gap-default\">\n\t\t\t\t\t<div class=\"elementor-column elementor-col-100 elementor-inner-column elementor-element elementor-element-416e0d0\" data-id=\"416e0d0\" data-element_type=\"column\">\n\t\t\t<div class=\"elementor-widget-wrap elementor-element-populated\">\n\t\t\t\t\t\t<div class=\"elementor-element elementor-element-d7097b1 elementor-widget elementor-widget-image\" data-id=\"d7097b1\" data-element_type=\"widget\" data-widget_type=\"image.default\">\n\t\t\t\t<div class=\"elementor-widget-container\">\n\t\t\t\t\t\t\t\t\t\t\t\t\t<img fetchpriority=\"high\" decoding=\"async\" width=\"2560\" height=\"1707\" src=\"https:\/\/firstweb.ro\/wp-content\/uploads\/2025\/04\/print-ditigal-arad-scaled.webp\" class=\"attachment-full size-full wp-image-1201\" alt=\"\" srcset=\"https:\/\/firstweb.ro\/wp-content\/uploads\/2025\/04\/print-ditigal-arad-scaled.webp 2560w, https:\/\/firstweb.ro\/wp-content\/uploads\/2025\/04\/print-ditigal-arad-300x200.webp 300w, https:\/\/firstweb.ro\/wp-content\/uploads\/2025\/04\/print-ditigal-arad-1024x683.webp 1024w, https:\/\/firstweb.ro\/wp-content\/uploads\/2025\/04\/print-ditigal-arad-768x512.webp 768w, https:\/\/firstweb.ro\/wp-content\/uploads\/2025\/04\/print-ditigal-arad-1536x1024.webp 1536w, https:\/\/firstweb.ro\/wp-content\/uploads\/2025\/04\/print-ditigal-arad-2048x1365.webp 2048w\" sizes=\"(max-width: 2560px) 100vw, 2560px\" \/>\t\t\t\t\t\t\t\t\t\t\t\t\t<\/div>\n\t\t\t\t<\/div>\n\t\t\t\t\t<\/div>\n\t\t<\/div>\n\t\t\t\t\t<\/div>\n\t\t<\/section>\n\t\t\t\t\t<\/div>\n\t\t<\/div>\n\t\t\t\t\t<\/div>\n\t\t<\/section>\n\t\t\t\t<section class=\"elementor-section elementor-top-section elementor-element elementor-element-efc1a3c elementor-section-boxed elementor-section-height-default elementor-section-height-default\" data-id=\"efc1a3c\" data-element_type=\"section\">\n\t\t\t\t\t\t<div class=\"elementor-container elementor-column-gap-default\">\n\t\t\t\t\t<div class=\"elementor-column elementor-col-100 elementor-top-column elementor-element elementor-element-dee19bd\" data-id=\"dee19bd\" data-element_type=\"column\">\n\t\t\t<div class=\"elementor-widget-wrap elementor-element-populated\">\n\t\t\t\t\n\n\t\t<div class=\"elementor-element elementor-element-0ad8c27 elementor-widget elementor-widget-section-title\" data-id=\"0ad8c27\" data-element_type=\"widget\" data-widget_type=\"section-title.default\">\n\t\t\t\t<div class=\"elementor-widget-container\">\n\t\t\t\r\n\t\t\r\n\t\t\t<div class=\"section-title style6\">\r\n\t\t\t\t\t\t\t\t\r\n\t\t\t\t \r\n\t\t\t\t\t<h3 class=\"title\">Digital Print and Printed Advertising Materials \u2013 Professional Design + Printing<\/h3>\r\n\t\t\t\t\t\t\t\t\r\n\t\t\t\t\t\t\t\t\r\n\t\t\t\t\t\t\t\t\r\n\t\t\t\t \r\n\t\t\t\t\t<p class=\"description\">Do you need printed or digital advertising materials? First Web offers you complete graphics + print services, with fast delivery in Arad or anywhere in the country. We create promotional materials that attract attention and strengthen the image of your brand.<\/p>\r\n\t\t\t\t\t\t\t<\/div>\r\n\r\n\t\t\r\n\t\t\t\t<\/div>\n\t\t\t\t<\/div>\n\t\t\t\t<div class=\"elementor-element elementor-element-9699688 service-dt-md elementor-widget elementor-widget-simple-heading\" data-id=\"9699688\" data-element_type=\"widget\" data-widget_type=\"simple-heading.default\">\n\t\t\t\t<div class=\"elementor-widget-container\">\n\t\t\t        \t\t<div class=\"heading style1\">\r\n\t\t\t<p class=\"heading-text\">What do we offer you?<\/p>\r\n\t\t<\/div>\r\n\r\n\t\t\t\t<\/div>\n\t\t\t\t<\/div>\n\t\t\t\t<div class=\"elementor-element elementor-element-6e204de elementor-widget elementor-widget-simple-heading\" data-id=\"6e204de\" data-element_type=\"widget\" data-widget_type=\"simple-heading.default\">\n\t\t\t\t<div class=\"elementor-widget-container\">\n\t\t\t        \t\t<div class=\"heading style1\">\r\n\t\t\t<p class=\"heading-text\"> Fast and quality printing \u2013 Printing on different materials, depending on your needs<\/br>\nCustomized advertising materials \u2013 Banners, leaflets, posters, flyers, brochures, catalogs<\/br>\nLabel and packaging printing \u2013 We customize product labels and packaging to promote your brand<\/br>\nLarge format printing \u2013 Prints for banners, meshes and billboards<\/br>\nPersonalized stationery \u2013 Business cards, letterheads, desk plates<\/br>\nEvent Print \u2013 Personalized materials for events, exhibitions and fairs<\/br>\nEco-friendly options \u2013 Recyclable or environmentally friendly materials for printing<\/p>\r\n\t\t<\/div>\r\n\r\n\t\t\t\t<\/div>\n\t\t\t\t<\/div>\n\t\t\t\t\t<\/div>\n\t\t<\/div>\n\t\t\t\t\t<\/div>\n\t\t<\/section>\n\t\t\t\t<section class=\"elementor-section elementor-top-section elementor-element elementor-element-d6f7879 elementor-section-boxed elementor-section-height-default elementor-section-height-default\" data-id=\"d6f7879\" data-element_type=\"section\">\n\t\t\t\t\t\t<div class=\"elementor-container elementor-column-gap-default\">\n\t\t\t\t\t<div class=\"elementor-column elementor-col-100 elementor-top-column elementor-element elementor-element-c499eec\" data-id=\"c499eec\" data-element_type=\"column\">\n\t\t\t<div class=\"elementor-widget-wrap elementor-element-populated\">\n\t\t\t\t\t\t<section class=\"elementor-section elementor-inner-section elementor-element elementor-element-0e60363 elementor-section-content-middle service-details elementor-section-boxed elementor-section-height-default elementor-section-height-default\" data-id=\"0e60363\" data-element_type=\"section\">\n\t\t\t\t\t\t<div class=\"elementor-container elementor-column-gap-default\">\n\t\t\t\t\t<div class=\"elementor-column elementor-col-50 elementor-inner-column elementor-element elementor-element-a8ee9cc\" data-id=\"a8ee9cc\" data-element_type=\"column\">\n\t\t\t<div class=\"elementor-widget-wrap elementor-element-populated\">\n\t\t\t\t\t\t<div class=\"elementor-element elementor-element-1ede797 elementor-widget elementor-widget-image\" data-id=\"1ede797\" data-element_type=\"widget\" data-widget_type=\"image.default\">\n\t\t\t\t<div class=\"elementor-widget-container\">\n\t\t\t\t\t\t\t\t\t\t\t\t\t<img decoding=\"async\" width=\"1331\" height=\"2000\" src=\"https:\/\/firstweb.ro\/wp-content\/uploads\/2025\/04\/printare-digitala.webp\" class=\"attachment-full size-full wp-image-1202\" alt=\"\" srcset=\"https:\/\/firstweb.ro\/wp-content\/uploads\/2025\/04\/printare-digitala.webp 1331w, https:\/\/firstweb.ro\/wp-content\/uploads\/2025\/04\/printare-digitala-200x300.webp 200w, https:\/\/firstweb.ro\/wp-content\/uploads\/2025\/04\/printare-digitala-681x1024.webp 681w, https:\/\/firstweb.ro\/wp-content\/uploads\/2025\/04\/printare-digitala-768x1154.webp 768w, https:\/\/firstweb.ro\/wp-content\/uploads\/2025\/04\/printare-digitala-1022x1536.webp 1022w\" sizes=\"(max-width: 1331px) 100vw, 1331px\" \/>\t\t\t\t\t\t\t\t\t\t\t\t\t<\/div>\n\t\t\t\t<\/div>\n\t\t\t\t\t<\/div>\n\t\t<\/div>\n\t\t\t\t<div class=\"elementor-column elementor-col-50 elementor-inner-column elementor-element elementor-element-cf363af\" data-id=\"cf363af\" data-element_type=\"column\">\n\t\t\t<div class=\"elementor-widget-wrap elementor-element-populated\">\n\t\t\t\t\t\t<div class=\"elementor-element elementor-element-2ea979f elementor-widget elementor-widget-simple-heading\" data-id=\"2ea979f\" data-element_type=\"widget\" data-widget_type=\"simple-heading.default\">\n\t\t\t\t<div class=\"elementor-widget-container\">\n\t\t\t        \t\t<div class=\"heading style1\">\r\n\t\t\t<h2 class=\"heading-text\">What types of businesses are our digital printing services suitable for?\n<\/h2>\r\n\t\t<\/div>\r\n\r\n\t\t\t\t<\/div>\n\t\t\t\t<\/div>\n\t\t\t\t<div class=\"elementor-element elementor-element-fce5f83 elementor-widget elementor-widget-dit-list\" data-id=\"fce5f83\" data-element_type=\"widget\" data-widget_type=\"dit-list.default\">\n\t\t\t\t<div class=\"elementor-widget-container\">\n\t\t\t\r\n\t\t\r\n\t\t\t<ul class=\"item-list style1\">\r\n\t\t\t\t\t\t\t\t\t<li>\r\n\t\t\t\t\t\t\r\n\t\t\t\t\t\t\t<i aria-hidden=\"true\" class=\"flaticon flaticon-right-arrow\"><\/i>\t\t\t\t\t\t\tRestaurants, cafes, hotels that need menus, posters and advertising material\r\n\t\t\t\t\t\t\t\t\t\t\t<\/li>\r\n\t\t\t\t\t\t\t\t\t<li>\r\n\t\t\t\t\t\t\r\n\t\t\t\t\t\t\t<i aria-hidden=\"true\" class=\"flaticon flaticon-right-arrow\"><\/i>\t\t\t\t\t\t\tOnline stores that want flyers and promotional materials\r\n\t\t\t\t\t\t\t\t\t\t\t<\/li>\r\n\t\t\t\t\t\t\t\t\t<li>\r\n\t\t\t\t\t\t\r\n\t\t\t\t\t\t\t<i aria-hidden=\"true\" class=\"flaticon flaticon-right-arrow\"><\/i>\t\t\t\t\t\t\tEvents and exhibitions that require personalized materials\r\n\t\t\t\t\t\t\t\t\t\t\t<\/li>\r\n\t\t\t\t\t\t\t\t\t<li>\r\n\t\t\t\t\t\t\r\n\t\t\t\t\t\t\t<i aria-hidden=\"true\" class=\"flaticon flaticon-right-arrow\"><\/i>\t\t\t\t\t\t\tStart-ups and companies that want quality marketing materials\r\n\t\t\t\t\t\t\t\t\t\t\t<\/li>\r\n\t\t\t\t\t\t\t\t\t<li>\r\n\t\t\t\t\t\t\r\n\t\t\t\t\t\t\t<i aria-hidden=\"true\" class=\"flaticon flaticon-right-arrow\"><\/i>\t\t\t\t\t\t\tCompanies that want personalized branding materials (business cards, flyers, etc.)\r\n\t\t\t\t\t\t\t\t\t\t\t<\/li>\r\n\t\t\t\t\t\t\t<\/ul>\r\n\r\n\t\t\r\n\t\t\t\t<\/div>\n\t\t\t\t<\/div>\n\t\t\t\t\t<\/div>\n\t\t<\/div>\n\t\t\t\t\t<\/div>\n\t\t<\/section>\n\t\t\t\t\t<\/div>\n\t\t<\/div>\n\t\t\t\t\t<\/div>\n\t\t<\/section>\n\t\t\t\t<section class=\"elementor-section elementor-top-section elementor-element elementor-element-cd51ee1 elementor-section-boxed elementor-section-height-default elementor-section-height-default\" data-id=\"cd51ee1\" data-element_type=\"section\">\n\t\t\t\t\t\t<div class=\"elementor-container elementor-column-gap-default\">\n\t\t\t\t\t<div class=\"elementor-column elementor-col-100 elementor-top-column elementor-element elementor-element-243f87a\" data-id=\"243f87a\" data-element_type=\"column\">\n\t\t\t<div class=\"elementor-widget-wrap elementor-element-populated\">\n\t\t\t\t\t\t\t<\/div>\n\t\t<\/div>\n\t\t\t\t\t<\/div>\n\t\t<\/section>\n\t\t\t\t<section class=\"elementor-section elementor-top-section elementor-element elementor-element-923b38f elementor-section-boxed elementor-section-height-default elementor-section-height-default\" data-id=\"923b38f\" data-element_type=\"section\">\n\t\t\t\t\t\t<div class=\"elementor-container elementor-column-gap-default\">\n\t\t\t\t\t<div class=\"elementor-column elementor-col-100 elementor-top-column elementor-element elementor-element-88b5e55\" data-id=\"88b5e55\" data-element_type=\"column\">\n\t\t\t<div class=\"elementor-widget-wrap elementor-element-populated\">\n\t\t\t\t\t\t<section class=\"elementor-section elementor-inner-section elementor-element elementor-element-3fba944 elementor-section-boxed elementor-section-height-default elementor-section-height-default\" data-id=\"3fba944\" data-element_type=\"section\">\n\t\t\t\t\t\t<div class=\"elementor-container elementor-column-gap-default\">\n\t\t\t\t\t<div class=\"elementor-column elementor-col-100 elementor-inner-column elementor-element elementor-element-9fa1865\" data-id=\"9fa1865\" data-element_type=\"column\">\n\t\t\t<div class=\"elementor-widget-wrap elementor-element-populated\">\n\t\t\t\t\t\t<div class=\"elementor-element elementor-element-d19a56e elementor-widget elementor-widget-section-title\" data-id=\"d19a56e\" data-element_type=\"widget\" data-widget_type=\"section-title.default\">\n\t\t\t\t<div class=\"elementor-widget-container\">\n\t\t\t\r\n\t\t\r\n\t\t\t<div class=\"section-title style1\">\r\n\t\t\t\t \r\n\t\t\t\t\t<h5 class=\"subtitle\">rates<\/h5>\r\n\t\t\t\t\t\t\t\t\r\n\t\t\t\t \r\n\t\t\t\t\t<h3 class=\"title\">Let&#039;s go. <span>discuss <\/span> about what you would need!<\/h3>\r\n\t\t\t\t\t\t\t\t\r\n\t\t\t\t\t\t\t<\/div>\r\n\r\n\t\t\r\n\t\t\t\t<\/div>\n\t\t\t\t<\/div>\n\t\t\t\t\t<\/div>\n\t\t<\/div>\n\t\t\t\t\t<\/div>\n\t\t<\/section>\n\t\t\t\t\t<\/div>\n\t\t<\/div>\n\t\t\t\t\t<\/div>\n\t\t<\/section>\n\t\t\t\t<\/div>","protected":false},"excerpt":{"rendered":"<p>Digital Print and Printed Advertising Materials \u2013 Design + Professional Printing Do you need printed or digital advertising materials? First Web offers you complete graphics + print services, with fast delivery in Arad or anywhere in the country. We create promotional materials that attract attention and strengthen your brand image. What do we offer you? Fast printing and [\u2026]<\/p>","protected":false},"author":1,"featured_media":0,"parent":0,"menu_order":0,"comment_status":"closed","ping_status":"closed","template":"page-templates\/template-default.php","meta":{"footnotes":""},"class_list":["post-1067","page","type-page","status-publish","hentry"],"yoast_head":"<!-- This site is optimized with the Yoast SEO Premium plugin v22.3 (Yoast SEO v25.2) - https:\/\/yoast.com\/wordpress\/plugins\/seo\/ -->\n<title>Print Digital &amp; Design Materiale Promo \u2013 First Web Arad<\/title>\n<meta name=\"description\" content=\"Oferim print digital profesional pentru materiale publicitare: flyere, meniuri, bannere, c\u0103r\u021bi de vizit\u0103. Design inclus, livrare \u00een tara!\" \/>\n<meta name=\"robots\" content=\"index, follow, max-snippet:-1, max-image-preview:large, max-video-preview:-1\" \/>\n<link rel=\"canonical\" href=\"https:\/\/firstweb.ro\/en\/print-digital\/\" \/>\n<meta property=\"og:locale\" content=\"en_US\" \/>\n<meta property=\"og:type\" content=\"article\" \/>\n<meta property=\"og:title\" content=\"Print Digital &amp; Design Materiale Promo \u2013 First Web Arad\" \/>\n<meta property=\"og:description\" content=\"Oferim print digital profesional pentru materiale publicitare: flyere, meniuri, bannere, c\u0103r\u021bi de vizit\u0103. Design inclus, livrare \u00een toat\u0103 \u021bara!\" \/>\n<meta property=\"og:url\" content=\"https:\/\/firstweb.ro\/en\/print-digital\/\" \/>\n<meta property=\"og:site_name\" content=\"First Web Agency\" \/>\n<meta property=\"article:publisher\" content=\"https:\/\/www.facebook.com\/firstwebagency\" \/>\n<meta property=\"article:modified_time\" content=\"2025-04-09T10:10:06+00:00\" \/>\n<meta property=\"og:image\" content=\"https:\/\/firstweb.ro\/wp-content\/uploads\/2025\/04\/print-ditigal-arad-scaled.webp\" \/>\n\t<meta property=\"og:image:width\" content=\"2560\" \/>\n\t<meta property=\"og:image:height\" content=\"1707\" \/>\n\t<meta property=\"og:image:type\" content=\"image\/webp\" \/>\n<meta name=\"twitter:card\" content=\"summary_large_image\" \/>\n<meta name=\"twitter:title\" content=\"Print digital\" \/>\n<meta name=\"twitter:label1\" content=\"Est. reading time\" \/>\n\t<meta name=\"twitter:data1\" content=\"2 minutes\" \/>\n<script type=\"application\/ld+json\" class=\"yoast-schema-graph\">{\"@context\":\"https:\/\/schema.org\",\"@graph\":[{\"@type\":\"WebPage\",\"@id\":\"https:\/\/firstweb.ro\/print-digital\/\",\"url\":\"https:\/\/firstweb.ro\/print-digital\/\",\"name\":\"Print Digital & Design Materiale Promo \u2013 First Web Arad\",\"isPartOf\":{\"@id\":\"https:\/\/firstweb.ro\/#website\"},\"primaryImageOfPage\":{\"@id\":\"https:\/\/firstweb.ro\/print-digital\/#primaryimage\"},\"image\":{\"@id\":\"https:\/\/firstweb.ro\/print-digital\/#primaryimage\"},\"thumbnailUrl\":\"https:\/\/firstweb.ro\/wp-content\/uploads\/2025\/04\/print-ditigal-arad-scaled.webp\",\"datePublished\":\"2025-04-02T11:32:03+00:00\",\"dateModified\":\"2025-04-09T10:10:06+00:00\",\"description\":\"Oferim print digital profesional pentru materiale publicitare: flyere, meniuri, bannere, c\u0103r\u021bi de vizit\u0103. Design inclus, livrare \u00een tara!\",\"breadcrumb\":{\"@id\":\"https:\/\/firstweb.ro\/print-digital\/#breadcrumb\"},\"inLanguage\":\"en-US\",\"potentialAction\":[{\"@type\":\"ReadAction\",\"target\":[\"https:\/\/firstweb.ro\/print-digital\/\"]}]},{\"@type\":\"ImageObject\",\"inLanguage\":\"en-US\",\"@id\":\"https:\/\/firstweb.ro\/print-digital\/#primaryimage\",\"url\":\"https:\/\/firstweb.ro\/wp-content\/uploads\/2025\/04\/print-ditigal-arad-scaled.webp\",\"contentUrl\":\"https:\/\/firstweb.ro\/wp-content\/uploads\/2025\/04\/print-ditigal-arad-scaled.webp\"},{\"@type\":\"BreadcrumbList\",\"@id\":\"https:\/\/firstweb.ro\/print-digital\/#breadcrumb\",\"itemListElement\":[{\"@type\":\"ListItem\",\"position\":1,\"name\":\"Home\",\"item\":\"https:\/\/firstweb.ro\/\"},{\"@type\":\"ListItem\",\"position\":2,\"name\":\"Print digital\"}]},{\"@type\":\"WebSite\",\"@id\":\"https:\/\/firstweb.ro\/#website\",\"url\":\"https:\/\/firstweb.ro\/\",\"name\":\"First Web Agency\",\"description\":\"Agen\u021bie specializat\u0103 \u00een design &amp; dezvoltare\",\"publisher\":{\"@id\":\"https:\/\/firstweb.ro\/#organization\"},\"potentialAction\":[{\"@type\":\"SearchAction\",\"target\":{\"@type\":\"EntryPoint\",\"urlTemplate\":\"https:\/\/firstweb.ro\/?s={search_term_string}\"},\"query-input\":{\"@type\":\"PropertyValueSpecification\",\"valueRequired\":true,\"valueName\":\"search_term_string\"}}],\"inLanguage\":\"en-US\"},{\"@type\":\"Organization\",\"@id\":\"https:\/\/firstweb.ro\/#organization\",\"name\":\"First Web Agency\",\"url\":\"https:\/\/firstweb.ro\/\",\"logo\":{\"@type\":\"ImageObject\",\"inLanguage\":\"en-US\",\"@id\":\"https:\/\/firstweb.ro\/#\/schema\/logo\/image\/\",\"url\":\"https:\/\/firstweb.ro\/wp-content\/uploads\/2025\/04\/firstweb-logo-black.webp\",\"contentUrl\":\"https:\/\/firstweb.ro\/wp-content\/uploads\/2025\/04\/firstweb-logo-black.webp\",\"width\":500,\"height\":150,\"caption\":\"First Web Agency\"},\"image\":{\"@id\":\"https:\/\/firstweb.ro\/#\/schema\/logo\/image\/\"},\"sameAs\":[\"https:\/\/www.facebook.com\/firstwebagency\",\"https:\/\/www.instagram.com\/first.webagency\/\"]}]}<\/script>\n<!-- \/ Yoast SEO Premium plugin. -->","yoast_head_json":{"title":"Print Digital & Design Materiale Promo \u2013 First Web Arad","description":"Oferim print digital profesional pentru materiale publicitare: flyere, meniuri, bannere, c\u0103r\u021bi de vizit\u0103. Design inclus, livrare \u00een tara!","robots":{"index":"index","follow":"follow","max-snippet":"max-snippet:-1","max-image-preview":"max-image-preview:large","max-video-preview":"max-video-preview:-1"},"canonical":"https:\/\/firstweb.ro\/en\/print-digital\/","og_locale":"en_US","og_type":"article","og_title":"Print Digital & Design Materiale Promo \u2013 First Web Arad","og_description":"Oferim print digital profesional pentru materiale publicitare: flyere, meniuri, bannere, c\u0103r\u021bi de vizit\u0103. Design inclus, livrare \u00een toat\u0103 \u021bara!","og_url":"https:\/\/firstweb.ro\/en\/print-digital\/","og_site_name":"First Web Agency","article_publisher":"https:\/\/www.facebook.com\/firstwebagency","article_modified_time":"2025-04-09T10:10:06+00:00","og_image":[{"width":2560,"height":1707,"url":"https:\/\/firstweb.ro\/wp-content\/uploads\/2025\/04\/print-ditigal-arad-scaled.webp","type":"image\/webp"}],"twitter_card":"summary_large_image","twitter_title":"Print digital","twitter_misc":{"Est. reading time":"2 minutes"},"schema":{"@context":"https:\/\/schema.org","@graph":[{"@type":"WebPage","@id":"https:\/\/firstweb.ro\/print-digital\/","url":"https:\/\/firstweb.ro\/print-digital\/","name":"Print Digital & Design Materiale Promo \u2013 First Web Arad","isPartOf":{"@id":"https:\/\/firstweb.ro\/#website"},"primaryImageOfPage":{"@id":"https:\/\/firstweb.ro\/print-digital\/#primaryimage"},"image":{"@id":"https:\/\/firstweb.ro\/print-digital\/#primaryimage"},"thumbnailUrl":"https:\/\/firstweb.ro\/wp-content\/uploads\/2025\/04\/print-ditigal-arad-scaled.webp","datePublished":"2025-04-02T11:32:03+00:00","dateModified":"2025-04-09T10:10:06+00:00","description":"Oferim print digital profesional pentru materiale publicitare: flyere, meniuri, bannere, c\u0103r\u021bi de vizit\u0103. Design inclus, livrare \u00een tara!","breadcrumb":{"@id":"https:\/\/firstweb.ro\/print-digital\/#breadcrumb"},"inLanguage":"en-US","potentialAction":[{"@type":"ReadAction","target":["https:\/\/firstweb.ro\/print-digital\/"]}]},{"@type":"ImageObject","inLanguage":"en-US","@id":"https:\/\/firstweb.ro\/print-digital\/#primaryimage","url":"https:\/\/firstweb.ro\/wp-content\/uploads\/2025\/04\/print-ditigal-arad-scaled.webp","contentUrl":"https:\/\/firstweb.ro\/wp-content\/uploads\/2025\/04\/print-ditigal-arad-scaled.webp"},{"@type":"BreadcrumbList","@id":"https:\/\/firstweb.ro\/print-digital\/#breadcrumb","itemListElement":[{"@type":"ListItem","position":1,"name":"Home","item":"https:\/\/firstweb.ro\/"},{"@type":"ListItem","position":2,"name":"Print digital"}]},{"@type":"WebSite","@id":"https:\/\/firstweb.ro\/#website","url":"https:\/\/firstweb.ro\/","name":"First Web Agency","description":"Agen\u021bie specializat\u0103 \u00een design &amp; dezvoltare","publisher":{"@id":"https:\/\/firstweb.ro\/#organization"},"potentialAction":[{"@type":"SearchAction","target":{"@type":"EntryPoint","urlTemplate":"https:\/\/firstweb.ro\/?s={search_term_string}"},"query-input":{"@type":"PropertyValueSpecification","valueRequired":true,"valueName":"search_term_string"}}],"inLanguage":"en-US"},{"@type":"Organization","@id":"https:\/\/firstweb.ro\/#organization","name":"First Web Agency","url":"https:\/\/firstweb.ro\/","logo":{"@type":"ImageObject","inLanguage":"en-US","@id":"https:\/\/firstweb.ro\/#\/schema\/logo\/image\/","url":"https:\/\/firstweb.ro\/wp-content\/uploads\/2025\/04\/firstweb-logo-black.webp","contentUrl":"https:\/\/firstweb.ro\/wp-content\/uploads\/2025\/04\/firstweb-logo-black.webp","width":500,"height":150,"caption":"First Web Agency"},"image":{"@id":"https:\/\/firstweb.ro\/#\/schema\/logo\/image\/"},"sameAs":["https:\/\/www.facebook.com\/firstwebagency","https:\/\/www.instagram.com\/first.webagency\/"]}]}},"_links":{"self":[{"href":"https:\/\/firstweb.ro\/en\/wp-json\/wp\/v2\/pages\/1067","targetHints":{"allow":["GET"]}}],"collection":[{"href":"https:\/\/firstweb.ro\/en\/wp-json\/wp\/v2\/pages"}],"about":[{"href":"https:\/\/firstweb.ro\/en\/wp-json\/wp\/v2\/types\/page"}],"author":[{"embeddable":true,"href":"https:\/\/firstweb.ro\/en\/wp-json\/wp\/v2\/users\/1"}],"replies":[{"embeddable":true,"href":"https:\/\/firstweb.ro\/en\/wp-json\/wp\/v2\/comments?post=1067"}],"version-history":[{"count":16,"href":"https:\/\/firstweb.ro\/en\/wp-json\/wp\/v2\/pages\/1067\/revisions"}],"predecessor-version":[{"id":1448,"href":"https:\/\/firstweb.ro\/en\/wp-json\/wp\/v2\/pages\/1067\/revisions\/1448"}],"wp:attachment":[{"href":"https:\/\/firstweb.ro\/en\/wp-json\/wp\/v2\/media?parent=1067"}],"curies":[{"name":"wp","href":"https:\/\/api.w.org\/{rel}","templated":true}]}}